{"id":7200,"date":"2018-08-01T23:17:00","date_gmt":"2018-08-01T23:17:00","guid":{"rendered":"https:\/\/www.intlasbrisashotels.com\/?page_id=7200\/"},"modified":"2022-06-08T15:15:01","modified_gmt":"2022-06-08T15:15:01","slug":"club-angelitos","status":"publish","type":"page","link":"https:\/\/www.intlasbrisashotels.com\/es\/huatulco\/club-angelitos\/","title":{"rendered":"Club Angelitos"},"content":{"rendered":"","protected":false},"excerpt":{"rendered":"","protected":false},"author":7,"featured_media":0,"parent":4576,"menu_order":0,"comment_status":"closed","ping_status":"closed","template":"people.php","meta":{"_acf_changed":false,"footnotes":""},"class_list":["post-7200","page","type-page","status-publish","hentry"],"acf":[],"yoast_head":"<!-- This site is optimized with the Yoast SEO plugin v22.8 - https:\/\/yoast.com\/wordpress\/plugins\/seo\/ -->\n<title>Hotel Las Brisas Huatulco - Ni\u00f1os | Club Angelitos<\/title>\n<meta name=\"description\" content=\"Club Angelitos en Hotel Las Brisas Huatulco. Actividades y diversi\u00f3n para tu familia. Tus hijos estar\u00e1n muy divertidos con todas las actividades que tenemos\" \/>\n<meta name=\"robots\" content=\"noindex, follow\" \/>\n<meta property=\"og:locale\" content=\"es_ES\" \/>\n<meta property=\"og:type\" content=\"article\" \/>\n<meta property=\"og:title\" content=\"Hotel Las Brisas Huatulco - Ni\u00f1os | Club Angelitos\" \/>\n<meta property=\"og:description\" content=\"Club Angelitos en Hotel Las Brisas Huatulco. Actividades y diversi\u00f3n para tu familia. Tus hijos estar\u00e1n muy divertidos con todas las actividades que tenemos\" \/>\n<meta property=\"og:url\" content=\"https:\/\/www.intlasbrisashotels.com\/es\/huatulco\/club-angelitos\/\" \/>\n<meta property=\"og:site_name\" content=\"Las Brisas\" \/>\n<meta property=\"article:modified_time\" content=\"2022-06-08T15:15:01+00:00\" \/>\n<meta name=\"twitter:card\" content=\"summary_large_image\" \/>\n<script type=\"application\/ld+json\" class=\"yoast-schema-graph\">{\"@context\":\"https:\/\/schema.org\",\"@graph\":[{\"@type\":\"WebPage\",\"@id\":\"https:\/\/www.intlasbrisashotels.com\/es\/huatulco\/club-angelitos\/\",\"url\":\"https:\/\/www.intlasbrisashotels.com\/es\/huatulco\/club-angelitos\/\",\"name\":\"Hotel Las Brisas Huatulco - Ni\u00f1os | Club Angelitos\",\"isPartOf\":{\"@id\":\"https:\/\/www.intlasbrisashotels.com\/es\/#website\"},\"datePublished\":\"2018-08-01T23:17:00+00:00\",\"dateModified\":\"2022-06-08T15:15:01+00:00\",\"description\":\"Club Angelitos en Hotel Las Brisas Huatulco. Actividades y diversi\u00f3n para tu familia. Tus hijos estar\u00e1n muy divertidos con todas las actividades que tenemos\",\"breadcrumb\":{\"@id\":\"https:\/\/www.intlasbrisashotels.com\/es\/huatulco\/club-angelitos\/#breadcrumb\"},\"inLanguage\":\"es-ES\",\"potentialAction\":[{\"@type\":\"ReadAction\",\"target\":[\"https:\/\/www.intlasbrisashotels.com\/es\/huatulco\/club-angelitos\/\"]}]},{\"@type\":\"BreadcrumbList\",\"@id\":\"https:\/\/www.intlasbrisashotels.com\/es\/huatulco\/club-angelitos\/#breadcrumb\",\"itemListElement\":[{\"@type\":\"ListItem\",\"position\":1,\"name\":\"Home\",\"item\":\"https:\/\/www.intlasbrisashotels.com\/es\/\"},{\"@type\":\"ListItem\",\"position\":2,\"name\":\"Huatulco\",\"item\":\"https:\/\/www.intlasbrisashotels.com\/es\/huatulco\/\"},{\"@type\":\"ListItem\",\"position\":3,\"name\":\"Club Angelitos\"}]},{\"@type\":\"WebSite\",\"@id\":\"https:\/\/www.intlasbrisashotels.com\/es\/#website\",\"url\":\"https:\/\/www.intlasbrisashotels.com\/es\/\",\"name\":\"Las Brisas\",\"description\":\"\",\"publisher\":{\"@id\":\"https:\/\/www.intlasbrisashotels.com\/es\/#organization\"},\"potentialAction\":[{\"@type\":\"SearchAction\",\"target\":{\"@type\":\"EntryPoint\",\"urlTemplate\":\"https:\/\/www.intlasbrisashotels.com\/es\/?s={search_term_string}\"},\"query-input\":\"required name=search_term_string\"}],\"inLanguage\":\"es-ES\"},{\"@type\":\"Organization\",\"@id\":\"https:\/\/www.intlasbrisashotels.com\/es\/#organization\",\"name\":\"Grupo Brisas\",\"url\":\"https:\/\/www.intlasbrisashotels.com\/es\/\",\"logo\":{\"@type\":\"ImageObject\",\"inLanguage\":\"es-ES\",\"@id\":\"https:\/\/www.intlasbrisashotels.com\/es\/#\/schema\/logo\/image\/\",\"url\":\"https:\/\/www.intlasbrisashotels.com\/wp-content\/uploads\/2017\/06\/Grupo-Brisas-Logo.png\",\"contentUrl\":\"https:\/\/www.intlasbrisashotels.com\/wp-content\/uploads\/2017\/06\/Grupo-Brisas-Logo.png\",\"width\":201,\"height\":114,\"caption\":\"Grupo Brisas\"},\"image\":{\"@id\":\"https:\/\/www.intlasbrisashotels.com\/es\/#\/schema\/logo\/image\/\"}}]}<\/script>\n<!-- \/ Yoast SEO plugin. -->","yoast_head_json":{"title":"Hotel Las Brisas Huatulco - Ni\u00f1os | Club Angelitos","description":"Club Angelitos en Hotel Las Brisas Huatulco. Actividades y diversi\u00f3n para tu familia. Tus hijos estar\u00e1n muy divertidos con todas las actividades que tenemos","robots":{"index":"noindex","follow":"follow"},"og_locale":"es_ES","og_type":"article","og_title":"Hotel Las Brisas Huatulco - Ni\u00f1os | Club Angelitos","og_description":"Club Angelitos en Hotel Las Brisas Huatulco. Actividades y diversi\u00f3n para tu familia. Tus hijos estar\u00e1n muy divertidos con todas las actividades que tenemos","og_url":"https:\/\/www.intlasbrisashotels.com\/es\/huatulco\/club-angelitos\/","og_site_name":"Las Brisas","article_modified_time":"2022-06-08T15:15:01+00:00","twitter_card":"summary_large_image","schema":{"@context":"https:\/\/schema.org","@graph":[{"@type":"WebPage","@id":"https:\/\/www.intlasbrisashotels.com\/es\/huatulco\/club-angelitos\/","url":"https:\/\/www.intlasbrisashotels.com\/es\/huatulco\/club-angelitos\/","name":"Hotel Las Brisas Huatulco - Ni\u00f1os | Club Angelitos","isPartOf":{"@id":"https:\/\/www.intlasbrisashotels.com\/es\/#website"},"datePublished":"2018-08-01T23:17:00+00:00","dateModified":"2022-06-08T15:15:01+00:00","description":"Club Angelitos en Hotel Las Brisas Huatulco. Actividades y diversi\u00f3n para tu familia. Tus hijos estar\u00e1n muy divertidos con todas las actividades que tenemos","breadcrumb":{"@id":"https:\/\/www.intlasbrisashotels.com\/es\/huatulco\/club-angelitos\/#breadcrumb"},"inLanguage":"es-ES","potentialAction":[{"@type":"ReadAction","target":["https:\/\/www.intlasbrisashotels.com\/es\/huatulco\/club-angelitos\/"]}]},{"@type":"BreadcrumbList","@id":"https:\/\/www.intlasbrisashotels.com\/es\/huatulco\/club-angelitos\/#breadcrumb","itemListElement":[{"@type":"ListItem","position":1,"name":"Home","item":"https:\/\/www.intlasbrisashotels.com\/es\/"},{"@type":"ListItem","position":2,"name":"Huatulco","item":"https:\/\/www.intlasbrisashotels.com\/es\/huatulco\/"},{"@type":"ListItem","position":3,"name":"Club Angelitos"}]},{"@type":"WebSite","@id":"https:\/\/www.intlasbrisashotels.com\/es\/#website","url":"https:\/\/www.intlasbrisashotels.com\/es\/","name":"Las Brisas","description":"","publisher":{"@id":"https:\/\/www.intlasbrisashotels.com\/es\/#organization"},"potentialAction":[{"@type":"SearchAction","target":{"@type":"EntryPoint","urlTemplate":"https:\/\/www.intlasbrisashotels.com\/es\/?s={search_term_string}"},"query-input":"required name=search_term_string"}],"inLanguage":"es-ES"},{"@type":"Organization","@id":"https:\/\/www.intlasbrisashotels.com\/es\/#organization","name":"Grupo Brisas","url":"https:\/\/www.intlasbrisashotels.com\/es\/","logo":{"@type":"ImageObject","inLanguage":"es-ES","@id":"https:\/\/www.intlasbrisashotels.com\/es\/#\/schema\/logo\/image\/","url":"https:\/\/www.intlasbrisashotels.com\/wp-content\/uploads\/2017\/06\/Grupo-Brisas-Logo.png","contentUrl":"https:\/\/www.intlasbrisashotels.com\/wp-content\/uploads\/2017\/06\/Grupo-Brisas-Logo.png","width":201,"height":114,"caption":"Grupo Brisas"},"image":{"@id":"https:\/\/www.intlasbrisashotels.com\/es\/#\/schema\/logo\/image\/"}}]}},"_links":{"self":[{"href":"https:\/\/www.intlasbrisashotels.com\/es\/wp-json\/wp\/v2\/pages\/7200","targetHints":{"allow":["GET"]}}],"collection":[{"href":"https:\/\/www.intlasbrisashotels.com\/es\/wp-json\/wp\/v2\/pages"}],"about":[{"href":"https:\/\/www.intlasbrisashotels.com\/es\/wp-json\/wp\/v2\/types\/page"}],"author":[{"embeddable":true,"href":"https:\/\/www.intlasbrisashotels.com\/es\/wp-json\/wp\/v2\/users\/7"}],"replies":[{"embeddable":true,"href":"https:\/\/www.intlasbrisashotels.com\/es\/wp-json\/wp\/v2\/comments?post=7200"}],"version-history":[{"count":0,"href":"https:\/\/www.intlasbrisashotels.com\/es\/wp-json\/wp\/v2\/pages\/7200\/revisions"}],"up":[{"embeddable":true,"href":"https:\/\/www.intlasbrisashotels.com\/es\/wp-json\/wp\/v2\/pages\/4576"}],"wp:attachment":[{"href":"https:\/\/www.intlasbrisashotels.com\/es\/wp-json\/wp\/v2\/media?parent=7200"}],"curies":[{"name":"wp","href":"https:\/\/api.w.org\/{rel}","templated":true}]}}