{"id":4567,"date":"2016-10-24T17:53:11","date_gmt":"2016-10-24T17:53:11","guid":{"rendered":"https:\/\/www.intlasbrisashotels.com\/es\/loyalty-program\/"},"modified":"2021-11-06T03:21:56","modified_gmt":"2021-11-06T03:21:56","slug":"loyalty-program","status":"publish","type":"page","link":"https:\/\/www.intlasbrisashotels.com\/es\/huatulco\/loyalty-program\/","title":{"rendered":"Programa de lealtad"},"content":{"rendered":"","protected":false},"excerpt":{"rendered":"","protected":false},"author":6,"featured_media":0,"parent":4576,"menu_order":10,"comment_status":"closed","ping_status":"closed","template":"standard.php","meta":{"_acf_changed":false,"footnotes":""},"class_list":["post-4567","page","type-page","status-publish","hentry"],"acf":[],"yoast_head":"<!-- This site is optimized with the Yoast SEO plugin v22.8 - https:\/\/yoast.com\/wordpress\/plugins\/seo\/ -->\n<title>Hotel Las Brisas Huatulco - Programa De Lealtad | \u00danase Ahora<\/title>\n<meta name=\"description\" content=\"Programa de lealtad de Las Brisas Huatulco. \u00danase a uno de los mejores y m\u00e1s grandes portafolios a nivel global en la hoteler\u00eda.\" \/>\n<meta name=\"robots\" content=\"noindex, follow\" \/>\n<meta property=\"og:locale\" content=\"es_ES\" \/>\n<meta property=\"og:type\" content=\"article\" \/>\n<meta property=\"og:title\" content=\"Hotel Las Brisas Huatulco - Programa De Lealtad | \u00danase Ahora\" \/>\n<meta property=\"og:description\" content=\"Programa de lealtad de Las Brisas Huatulco. \u00danase a uno de los mejores y m\u00e1s grandes portafolios a nivel global en la hoteler\u00eda.\" \/>\n<meta property=\"og:url\" content=\"https:\/\/www.intlasbrisashotels.com\/es\/huatulco\/loyalty-program\/\" \/>\n<meta property=\"og:site_name\" content=\"Las Brisas\" \/>\n<meta property=\"article:modified_time\" content=\"2021-11-06T03:21:56+00:00\" \/>\n<meta name=\"twitter:card\" content=\"summary_large_image\" \/>\n<script type=\"application\/ld+json\" class=\"yoast-schema-graph\">{\"@context\":\"https:\/\/schema.org\",\"@graph\":[{\"@type\":\"WebPage\",\"@id\":\"https:\/\/www.intlasbrisashotels.com\/es\/huatulco\/loyalty-program\/\",\"url\":\"https:\/\/www.intlasbrisashotels.com\/es\/huatulco\/loyalty-program\/\",\"name\":\"Hotel Las Brisas Huatulco - Programa De Lealtad | \u00danase Ahora\",\"isPartOf\":{\"@id\":\"https:\/\/www.intlasbrisashotels.com\/es\/#website\"},\"datePublished\":\"2016-10-24T17:53:11+00:00\",\"dateModified\":\"2021-11-06T03:21:56+00:00\",\"description\":\"Programa de lealtad de Las Brisas Huatulco. \u00danase a uno de los mejores y m\u00e1s grandes portafolios a nivel global en la hoteler\u00eda.\",\"breadcrumb\":{\"@id\":\"https:\/\/www.intlasbrisashotels.com\/es\/huatulco\/loyalty-program\/#breadcrumb\"},\"inLanguage\":\"es-ES\",\"potentialAction\":[{\"@type\":\"ReadAction\",\"target\":[\"https:\/\/www.intlasbrisashotels.com\/es\/huatulco\/loyalty-program\/\"]}]},{\"@type\":\"BreadcrumbList\",\"@id\":\"https:\/\/www.intlasbrisashotels.com\/es\/huatulco\/loyalty-program\/#breadcrumb\",\"itemListElement\":[{\"@type\":\"ListItem\",\"position\":1,\"name\":\"Home\",\"item\":\"https:\/\/www.intlasbrisashotels.com\/es\/\"},{\"@type\":\"ListItem\",\"position\":2,\"name\":\"Huatulco\",\"item\":\"https:\/\/www.intlasbrisashotels.com\/es\/huatulco\/\"},{\"@type\":\"ListItem\",\"position\":3,\"name\":\"Programa de lealtad\"}]},{\"@type\":\"WebSite\",\"@id\":\"https:\/\/www.intlasbrisashotels.com\/es\/#website\",\"url\":\"https:\/\/www.intlasbrisashotels.com\/es\/\",\"name\":\"Las Brisas\",\"description\":\"\",\"publisher\":{\"@id\":\"https:\/\/www.intlasbrisashotels.com\/es\/#organization\"},\"potentialAction\":[{\"@type\":\"SearchAction\",\"target\":{\"@type\":\"EntryPoint\",\"urlTemplate\":\"https:\/\/www.intlasbrisashotels.com\/es\/?s={search_term_string}\"},\"query-input\":\"required name=search_term_string\"}],\"inLanguage\":\"es-ES\"},{\"@type\":\"Organization\",\"@id\":\"https:\/\/www.intlasbrisashotels.com\/es\/#organization\",\"name\":\"Grupo Brisas\",\"url\":\"https:\/\/www.intlasbrisashotels.com\/es\/\",\"logo\":{\"@type\":\"ImageObject\",\"inLanguage\":\"es-ES\",\"@id\":\"https:\/\/www.intlasbrisashotels.com\/es\/#\/schema\/logo\/image\/\",\"url\":\"https:\/\/www.intlasbrisashotels.com\/wp-content\/uploads\/2017\/06\/Grupo-Brisas-Logo.png\",\"contentUrl\":\"https:\/\/www.intlasbrisashotels.com\/wp-content\/uploads\/2017\/06\/Grupo-Brisas-Logo.png\",\"width\":201,\"height\":114,\"caption\":\"Grupo Brisas\"},\"image\":{\"@id\":\"https:\/\/www.intlasbrisashotels.com\/es\/#\/schema\/logo\/image\/\"}}]}<\/script>\n<!-- \/ Yoast SEO plugin. -->","yoast_head_json":{"title":"Hotel Las Brisas Huatulco - Programa De Lealtad | \u00danase Ahora","description":"Programa de lealtad de Las Brisas Huatulco. \u00danase a uno de los mejores y m\u00e1s grandes portafolios a nivel global en la hoteler\u00eda.","robots":{"index":"noindex","follow":"follow"},"og_locale":"es_ES","og_type":"article","og_title":"Hotel Las Brisas Huatulco - Programa De Lealtad | \u00danase Ahora","og_description":"Programa de lealtad de Las Brisas Huatulco. \u00danase a uno de los mejores y m\u00e1s grandes portafolios a nivel global en la hoteler\u00eda.","og_url":"https:\/\/www.intlasbrisashotels.com\/es\/huatulco\/loyalty-program\/","og_site_name":"Las Brisas","article_modified_time":"2021-11-06T03:21:56+00:00","twitter_card":"summary_large_image","schema":{"@context":"https:\/\/schema.org","@graph":[{"@type":"WebPage","@id":"https:\/\/www.intlasbrisashotels.com\/es\/huatulco\/loyalty-program\/","url":"https:\/\/www.intlasbrisashotels.com\/es\/huatulco\/loyalty-program\/","name":"Hotel Las Brisas Huatulco - Programa De Lealtad | \u00danase Ahora","isPartOf":{"@id":"https:\/\/www.intlasbrisashotels.com\/es\/#website"},"datePublished":"2016-10-24T17:53:11+00:00","dateModified":"2021-11-06T03:21:56+00:00","description":"Programa de lealtad de Las Brisas Huatulco. \u00danase a uno de los mejores y m\u00e1s grandes portafolios a nivel global en la hoteler\u00eda.","breadcrumb":{"@id":"https:\/\/www.intlasbrisashotels.com\/es\/huatulco\/loyalty-program\/#breadcrumb"},"inLanguage":"es-ES","potentialAction":[{"@type":"ReadAction","target":["https:\/\/www.intlasbrisashotels.com\/es\/huatulco\/loyalty-program\/"]}]},{"@type":"BreadcrumbList","@id":"https:\/\/www.intlasbrisashotels.com\/es\/huatulco\/loyalty-program\/#breadcrumb","itemListElement":[{"@type":"ListItem","position":1,"name":"Home","item":"https:\/\/www.intlasbrisashotels.com\/es\/"},{"@type":"ListItem","position":2,"name":"Huatulco","item":"https:\/\/www.intlasbrisashotels.com\/es\/huatulco\/"},{"@type":"ListItem","position":3,"name":"Programa de lealtad"}]},{"@type":"WebSite","@id":"https:\/\/www.intlasbrisashotels.com\/es\/#website","url":"https:\/\/www.intlasbrisashotels.com\/es\/","name":"Las Brisas","description":"","publisher":{"@id":"https:\/\/www.intlasbrisashotels.com\/es\/#organization"},"potentialAction":[{"@type":"SearchAction","target":{"@type":"EntryPoint","urlTemplate":"https:\/\/www.intlasbrisashotels.com\/es\/?s={search_term_string}"},"query-input":"required name=search_term_string"}],"inLanguage":"es-ES"},{"@type":"Organization","@id":"https:\/\/www.intlasbrisashotels.com\/es\/#organization","name":"Grupo Brisas","url":"https:\/\/www.intlasbrisashotels.com\/es\/","logo":{"@type":"ImageObject","inLanguage":"es-ES","@id":"https:\/\/www.intlasbrisashotels.com\/es\/#\/schema\/logo\/image\/","url":"https:\/\/www.intlasbrisashotels.com\/wp-content\/uploads\/2017\/06\/Grupo-Brisas-Logo.png","contentUrl":"https:\/\/www.intlasbrisashotels.com\/wp-content\/uploads\/2017\/06\/Grupo-Brisas-Logo.png","width":201,"height":114,"caption":"Grupo Brisas"},"image":{"@id":"https:\/\/www.intlasbrisashotels.com\/es\/#\/schema\/logo\/image\/"}}]}},"_links":{"self":[{"href":"https:\/\/www.intlasbrisashotels.com\/es\/wp-json\/wp\/v2\/pages\/4567","targetHints":{"allow":["GET"]}}],"collection":[{"href":"https:\/\/www.intlasbrisashotels.com\/es\/wp-json\/wp\/v2\/pages"}],"about":[{"href":"https:\/\/www.intlasbrisashotels.com\/es\/wp-json\/wp\/v2\/types\/page"}],"author":[{"embeddable":true,"href":"https:\/\/www.intlasbrisashotels.com\/es\/wp-json\/wp\/v2\/users\/6"}],"replies":[{"embeddable":true,"href":"https:\/\/www.intlasbrisashotels.com\/es\/wp-json\/wp\/v2\/comments?post=4567"}],"version-history":[{"count":0,"href":"https:\/\/www.intlasbrisashotels.com\/es\/wp-json\/wp\/v2\/pages\/4567\/revisions"}],"up":[{"embeddable":true,"href":"https:\/\/www.intlasbrisashotels.com\/es\/wp-json\/wp\/v2\/pages\/4576"}],"wp:attachment":[{"href":"https:\/\/www.intlasbrisashotels.com\/es\/wp-json\/wp\/v2\/media?parent=4567"}],"curies":[{"name":"wp","href":"https:\/\/api.w.org\/{rel}","templated":true}]}}