{"id":4350,"date":"2016-10-12T21:22:16","date_gmt":"2016-10-12T21:22:16","guid":{"rendered":"https:\/\/www.intlasbrisashotels.com\/es\/manzanillo\/press\/"},"modified":"2019-07-24T18:46:35","modified_gmt":"2019-07-24T18:46:35","slug":"press","status":"publish","type":"page","link":"https:\/\/www.intlasbrisashotels.com\/es\/manzanillo\/press\/","title":{"rendered":"Prensa"},"content":{"rendered":"","protected":false},"excerpt":{"rendered":"","protected":false},"author":6,"featured_media":0,"parent":4316,"menu_order":11,"comment_status":"closed","ping_status":"closed","template":"press.php","meta":{"_acf_changed":false,"footnotes":""},"class_list":["post-4350","page","type-page","status-publish","hentry"],"acf":[],"yoast_head":"<!-- This site is optimized with the Yoast SEO plugin v22.8 - https:\/\/yoast.com\/wordpress\/plugins\/seo\/ -->\n<title>Hotel Las Hadas By Brisas - Prensa | Informaci\u00f3n Relevante<\/title>\n<meta name=\"description\" content=\"Informaci\u00f3n relevante de prensa de Las Hadas by Brisas Manzanillo de su distribuci\u00f3n en otros medios digitales, escritos y visuales.\" \/>\n<meta name=\"robots\" content=\"noindex, follow\" \/>\n<meta property=\"og:locale\" content=\"es_ES\" \/>\n<meta property=\"og:type\" content=\"article\" \/>\n<meta property=\"og:title\" content=\"Hotel Las Hadas By Brisas - Prensa | Informaci\u00f3n Relevante\" \/>\n<meta property=\"og:description\" content=\"Informaci\u00f3n relevante de prensa de Las Hadas by Brisas Manzanillo de su distribuci\u00f3n en otros medios digitales, escritos y visuales.\" \/>\n<meta property=\"og:url\" content=\"https:\/\/intlasbrisashotels.com\/es\/manzanillo\/press\/\" \/>\n<meta property=\"og:site_name\" content=\"Las Brisas\" \/>\n<meta property=\"article:modified_time\" content=\"2019-07-24T18:46:35+00:00\" \/>\n<meta name=\"twitter:card\" content=\"summary_large_image\" \/>\n<script type=\"application\/ld+json\" class=\"yoast-schema-graph\">{\"@context\":\"https:\/\/schema.org\",\"@graph\":[{\"@type\":\"WebPage\",\"@id\":\"https:\/\/intlasbrisashotels.com\/es\/manzanillo\/press\/\",\"url\":\"https:\/\/intlasbrisashotels.com\/es\/manzanillo\/press\/\",\"name\":\"Hotel Las Hadas By Brisas - Prensa | Informaci\u00f3n Relevante\",\"isPartOf\":{\"@id\":\"https:\/\/www.intlasbrisashotels.com\/es\/#website\"},\"datePublished\":\"2016-10-12T21:22:16+00:00\",\"dateModified\":\"2019-07-24T18:46:35+00:00\",\"description\":\"Informaci\u00f3n relevante de prensa de Las Hadas by Brisas Manzanillo de su distribuci\u00f3n en otros medios digitales, escritos y visuales.\",\"breadcrumb\":{\"@id\":\"https:\/\/intlasbrisashotels.com\/es\/manzanillo\/press\/#breadcrumb\"},\"inLanguage\":\"es-ES\",\"potentialAction\":[{\"@type\":\"ReadAction\",\"target\":[\"https:\/\/intlasbrisashotels.com\/es\/manzanillo\/press\/\"]}]},{\"@type\":\"BreadcrumbList\",\"@id\":\"https:\/\/intlasbrisashotels.com\/es\/manzanillo\/press\/#breadcrumb\",\"itemListElement\":[{\"@type\":\"ListItem\",\"position\":1,\"name\":\"Home\",\"item\":\"https:\/\/www.intlasbrisashotels.com\/es\/\"},{\"@type\":\"ListItem\",\"position\":2,\"name\":\"Manzanillo\",\"item\":\"https:\/\/www.intlasbrisashotels.com\/es\/manzanillo\/\"},{\"@type\":\"ListItem\",\"position\":3,\"name\":\"Prensa\"}]},{\"@type\":\"WebSite\",\"@id\":\"https:\/\/www.intlasbrisashotels.com\/es\/#website\",\"url\":\"https:\/\/www.intlasbrisashotels.com\/es\/\",\"name\":\"Las Brisas\",\"description\":\"\",\"publisher\":{\"@id\":\"https:\/\/www.intlasbrisashotels.com\/es\/#organization\"},\"potentialAction\":[{\"@type\":\"SearchAction\",\"target\":{\"@type\":\"EntryPoint\",\"urlTemplate\":\"https:\/\/www.intlasbrisashotels.com\/es\/?s={search_term_string}\"},\"query-input\":\"required name=search_term_string\"}],\"inLanguage\":\"es-ES\"},{\"@type\":\"Organization\",\"@id\":\"https:\/\/www.intlasbrisashotels.com\/es\/#organization\",\"name\":\"Grupo Brisas\",\"url\":\"https:\/\/www.intlasbrisashotels.com\/es\/\",\"logo\":{\"@type\":\"ImageObject\",\"inLanguage\":\"es-ES\",\"@id\":\"https:\/\/www.intlasbrisashotels.com\/es\/#\/schema\/logo\/image\/\",\"url\":\"https:\/\/www.intlasbrisashotels.com\/wp-content\/uploads\/2017\/06\/Grupo-Brisas-Logo.png\",\"contentUrl\":\"https:\/\/www.intlasbrisashotels.com\/wp-content\/uploads\/2017\/06\/Grupo-Brisas-Logo.png\",\"width\":201,\"height\":114,\"caption\":\"Grupo Brisas\"},\"image\":{\"@id\":\"https:\/\/www.intlasbrisashotels.com\/es\/#\/schema\/logo\/image\/\"}}]}<\/script>\n<!-- \/ Yoast SEO plugin. -->","yoast_head_json":{"title":"Hotel Las Hadas By Brisas - Prensa | Informaci\u00f3n Relevante","description":"Informaci\u00f3n relevante de prensa de Las Hadas by Brisas Manzanillo de su distribuci\u00f3n en otros medios digitales, escritos y visuales.","robots":{"index":"noindex","follow":"follow"},"og_locale":"es_ES","og_type":"article","og_title":"Hotel Las Hadas By Brisas - Prensa | Informaci\u00f3n Relevante","og_description":"Informaci\u00f3n relevante de prensa de Las Hadas by Brisas Manzanillo de su distribuci\u00f3n en otros medios digitales, escritos y visuales.","og_url":"https:\/\/intlasbrisashotels.com\/es\/manzanillo\/press\/","og_site_name":"Las Brisas","article_modified_time":"2019-07-24T18:46:35+00:00","twitter_card":"summary_large_image","schema":{"@context":"https:\/\/schema.org","@graph":[{"@type":"WebPage","@id":"https:\/\/intlasbrisashotels.com\/es\/manzanillo\/press\/","url":"https:\/\/intlasbrisashotels.com\/es\/manzanillo\/press\/","name":"Hotel Las Hadas By Brisas - Prensa | Informaci\u00f3n Relevante","isPartOf":{"@id":"https:\/\/www.intlasbrisashotels.com\/es\/#website"},"datePublished":"2016-10-12T21:22:16+00:00","dateModified":"2019-07-24T18:46:35+00:00","description":"Informaci\u00f3n relevante de prensa de Las Hadas by Brisas Manzanillo de su distribuci\u00f3n en otros medios digitales, escritos y visuales.","breadcrumb":{"@id":"https:\/\/intlasbrisashotels.com\/es\/manzanillo\/press\/#breadcrumb"},"inLanguage":"es-ES","potentialAction":[{"@type":"ReadAction","target":["https:\/\/intlasbrisashotels.com\/es\/manzanillo\/press\/"]}]},{"@type":"BreadcrumbList","@id":"https:\/\/intlasbrisashotels.com\/es\/manzanillo\/press\/#breadcrumb","itemListElement":[{"@type":"ListItem","position":1,"name":"Home","item":"https:\/\/www.intlasbrisashotels.com\/es\/"},{"@type":"ListItem","position":2,"name":"Manzanillo","item":"https:\/\/www.intlasbrisashotels.com\/es\/manzanillo\/"},{"@type":"ListItem","position":3,"name":"Prensa"}]},{"@type":"WebSite","@id":"https:\/\/www.intlasbrisashotels.com\/es\/#website","url":"https:\/\/www.intlasbrisashotels.com\/es\/","name":"Las Brisas","description":"","publisher":{"@id":"https:\/\/www.intlasbrisashotels.com\/es\/#organization"},"potentialAction":[{"@type":"SearchAction","target":{"@type":"EntryPoint","urlTemplate":"https:\/\/www.intlasbrisashotels.com\/es\/?s={search_term_string}"},"query-input":"required name=search_term_string"}],"inLanguage":"es-ES"},{"@type":"Organization","@id":"https:\/\/www.intlasbrisashotels.com\/es\/#organization","name":"Grupo Brisas","url":"https:\/\/www.intlasbrisashotels.com\/es\/","logo":{"@type":"ImageObject","inLanguage":"es-ES","@id":"https:\/\/www.intlasbrisashotels.com\/es\/#\/schema\/logo\/image\/","url":"https:\/\/www.intlasbrisashotels.com\/wp-content\/uploads\/2017\/06\/Grupo-Brisas-Logo.png","contentUrl":"https:\/\/www.intlasbrisashotels.com\/wp-content\/uploads\/2017\/06\/Grupo-Brisas-Logo.png","width":201,"height":114,"caption":"Grupo Brisas"},"image":{"@id":"https:\/\/www.intlasbrisashotels.com\/es\/#\/schema\/logo\/image\/"}}]}},"_links":{"self":[{"href":"https:\/\/www.intlasbrisashotels.com\/es\/wp-json\/wp\/v2\/pages\/4350","targetHints":{"allow":["GET"]}}],"collection":[{"href":"https:\/\/www.intlasbrisashotels.com\/es\/wp-json\/wp\/v2\/pages"}],"about":[{"href":"https:\/\/www.intlasbrisashotels.com\/es\/wp-json\/wp\/v2\/types\/page"}],"author":[{"embeddable":true,"href":"https:\/\/www.intlasbrisashotels.com\/es\/wp-json\/wp\/v2\/users\/6"}],"replies":[{"embeddable":true,"href":"https:\/\/www.intlasbrisashotels.com\/es\/wp-json\/wp\/v2\/comments?post=4350"}],"version-history":[{"count":0,"href":"https:\/\/www.intlasbrisashotels.com\/es\/wp-json\/wp\/v2\/pages\/4350\/revisions"}],"up":[{"embeddable":true,"href":"https:\/\/www.intlasbrisashotels.com\/es\/wp-json\/wp\/v2\/pages\/4316"}],"wp:attachment":[{"href":"https:\/\/www.intlasbrisashotels.com\/es\/wp-json\/wp\/v2\/media?parent=4350"}],"curies":[{"name":"wp","href":"https:\/\/api.w.org\/{rel}","templated":true}]}}