{"id":4018,"date":"2016-10-21T17:00:12","date_gmt":"2016-10-21T17:00:12","guid":{"rendered":"https:\/\/www.intlasbrisashotels.com\/es\/about\/"},"modified":"2018-01-19T17:28:19","modified_gmt":"2018-01-19T17:28:19","slug":"about","status":"publish","type":"page","link":"https:\/\/www.intlasbrisashotels.com\/es\/queretaro\/about\/","title":{"rendered":"Acerca de"},"content":{"rendered":"","protected":false},"excerpt":{"rendered":"","protected":false},"author":6,"featured_media":0,"parent":4030,"menu_order":0,"comment_status":"closed","ping_status":"closed","template":"about.php","meta":{"_acf_changed":false,"footnotes":""},"class_list":["post-4018","page","type-page","status-publish","hentry"],"acf":[],"yoast_head":"<!-- This site is optimized with the Yoast SEO plugin v22.8 - https:\/\/yoast.com\/wordpress\/plugins\/seo\/ -->\n<title>Hotel Hacienda Jurica By Brisas - Acerca de | Informaci\u00f3n<\/title>\n<meta name=\"description\" content=\"Acerca de Hacienda Jurica by Brisas. Magn\u00edfico hotel de arquitectura colonial del siglo XVI ofrece un alojamiento rodeado de una atm\u00f3sfera llena de historia\" \/>\n<meta name=\"robots\" content=\"noindex, follow\" \/>\n<meta property=\"og:locale\" content=\"es_ES\" \/>\n<meta property=\"og:type\" content=\"article\" \/>\n<meta property=\"og:title\" content=\"Hotel Hacienda Jurica By Brisas - Acerca de | Informaci\u00f3n\" \/>\n<meta property=\"og:description\" content=\"Acerca de Hacienda Jurica by Brisas. Magn\u00edfico hotel de arquitectura colonial del siglo XVI ofrece un alojamiento rodeado de una atm\u00f3sfera llena de historia\" \/>\n<meta property=\"og:url\" content=\"https:\/\/www.intlasbrisashotels.com\/es\/queretaro\/about\/\" \/>\n<meta property=\"og:site_name\" content=\"Las Brisas\" \/>\n<meta property=\"article:modified_time\" content=\"2018-01-19T17:28:19+00:00\" \/>\n<meta name=\"twitter:card\" content=\"summary_large_image\" \/>\n<script type=\"application\/ld+json\" class=\"yoast-schema-graph\">{\"@context\":\"https:\/\/schema.org\",\"@graph\":[{\"@type\":\"WebPage\",\"@id\":\"https:\/\/www.intlasbrisashotels.com\/es\/queretaro\/about\/\",\"url\":\"https:\/\/www.intlasbrisashotels.com\/es\/queretaro\/about\/\",\"name\":\"Hotel Hacienda Jurica By Brisas - Acerca de | Informaci\u00f3n\",\"isPartOf\":{\"@id\":\"https:\/\/www.intlasbrisashotels.com\/es\/#website\"},\"datePublished\":\"2016-10-21T17:00:12+00:00\",\"dateModified\":\"2018-01-19T17:28:19+00:00\",\"description\":\"Acerca de Hacienda Jurica by Brisas. Magn\u00edfico hotel de arquitectura colonial del siglo XVI ofrece un alojamiento rodeado de una atm\u00f3sfera llena de historia\",\"breadcrumb\":{\"@id\":\"https:\/\/www.intlasbrisashotels.com\/es\/queretaro\/about\/#breadcrumb\"},\"inLanguage\":\"es-ES\",\"potentialAction\":[{\"@type\":\"ReadAction\",\"target\":[\"https:\/\/www.intlasbrisashotels.com\/es\/queretaro\/about\/\"]}]},{\"@type\":\"BreadcrumbList\",\"@id\":\"https:\/\/www.intlasbrisashotels.com\/es\/queretaro\/about\/#breadcrumb\",\"itemListElement\":[{\"@type\":\"ListItem\",\"position\":1,\"name\":\"Home\",\"item\":\"https:\/\/www.intlasbrisashotels.com\/es\/\"},{\"@type\":\"ListItem\",\"position\":2,\"name\":\"Quer\u00e9taro\",\"item\":\"https:\/\/www.intlasbrisashotels.com\/es\/queretaro\/\"},{\"@type\":\"ListItem\",\"position\":3,\"name\":\"Acerca de\"}]},{\"@type\":\"WebSite\",\"@id\":\"https:\/\/www.intlasbrisashotels.com\/es\/#website\",\"url\":\"https:\/\/www.intlasbrisashotels.com\/es\/\",\"name\":\"Las Brisas\",\"description\":\"\",\"publisher\":{\"@id\":\"https:\/\/www.intlasbrisashotels.com\/es\/#organization\"},\"potentialAction\":[{\"@type\":\"SearchAction\",\"target\":{\"@type\":\"EntryPoint\",\"urlTemplate\":\"https:\/\/www.intlasbrisashotels.com\/es\/?s={search_term_string}\"},\"query-input\":\"required name=search_term_string\"}],\"inLanguage\":\"es-ES\"},{\"@type\":\"Organization\",\"@id\":\"https:\/\/www.intlasbrisashotels.com\/es\/#organization\",\"name\":\"Grupo Brisas\",\"url\":\"https:\/\/www.intlasbrisashotels.com\/es\/\",\"logo\":{\"@type\":\"ImageObject\",\"inLanguage\":\"es-ES\",\"@id\":\"https:\/\/www.intlasbrisashotels.com\/es\/#\/schema\/logo\/image\/\",\"url\":\"https:\/\/www.intlasbrisashotels.com\/wp-content\/uploads\/2017\/06\/Grupo-Brisas-Logo.png\",\"contentUrl\":\"https:\/\/www.intlasbrisashotels.com\/wp-content\/uploads\/2017\/06\/Grupo-Brisas-Logo.png\",\"width\":201,\"height\":114,\"caption\":\"Grupo Brisas\"},\"image\":{\"@id\":\"https:\/\/www.intlasbrisashotels.com\/es\/#\/schema\/logo\/image\/\"}}]}<\/script>\n<!-- \/ Yoast SEO plugin. -->","yoast_head_json":{"title":"Hotel Hacienda Jurica By Brisas - Acerca de | Informaci\u00f3n","description":"Acerca de Hacienda Jurica by Brisas. Magn\u00edfico hotel de arquitectura colonial del siglo XVI ofrece un alojamiento rodeado de una atm\u00f3sfera llena de historia","robots":{"index":"noindex","follow":"follow"},"og_locale":"es_ES","og_type":"article","og_title":"Hotel Hacienda Jurica By Brisas - Acerca de | Informaci\u00f3n","og_description":"Acerca de Hacienda Jurica by Brisas. Magn\u00edfico hotel de arquitectura colonial del siglo XVI ofrece un alojamiento rodeado de una atm\u00f3sfera llena de historia","og_url":"https:\/\/www.intlasbrisashotels.com\/es\/queretaro\/about\/","og_site_name":"Las Brisas","article_modified_time":"2018-01-19T17:28:19+00:00","twitter_card":"summary_large_image","schema":{"@context":"https:\/\/schema.org","@graph":[{"@type":"WebPage","@id":"https:\/\/www.intlasbrisashotels.com\/es\/queretaro\/about\/","url":"https:\/\/www.intlasbrisashotels.com\/es\/queretaro\/about\/","name":"Hotel Hacienda Jurica By Brisas - Acerca de | Informaci\u00f3n","isPartOf":{"@id":"https:\/\/www.intlasbrisashotels.com\/es\/#website"},"datePublished":"2016-10-21T17:00:12+00:00","dateModified":"2018-01-19T17:28:19+00:00","description":"Acerca de Hacienda Jurica by Brisas. Magn\u00edfico hotel de arquitectura colonial del siglo XVI ofrece un alojamiento rodeado de una atm\u00f3sfera llena de historia","breadcrumb":{"@id":"https:\/\/www.intlasbrisashotels.com\/es\/queretaro\/about\/#breadcrumb"},"inLanguage":"es-ES","potentialAction":[{"@type":"ReadAction","target":["https:\/\/www.intlasbrisashotels.com\/es\/queretaro\/about\/"]}]},{"@type":"BreadcrumbList","@id":"https:\/\/www.intlasbrisashotels.com\/es\/queretaro\/about\/#breadcrumb","itemListElement":[{"@type":"ListItem","position":1,"name":"Home","item":"https:\/\/www.intlasbrisashotels.com\/es\/"},{"@type":"ListItem","position":2,"name":"Quer\u00e9taro","item":"https:\/\/www.intlasbrisashotels.com\/es\/queretaro\/"},{"@type":"ListItem","position":3,"name":"Acerca de"}]},{"@type":"WebSite","@id":"https:\/\/www.intlasbrisashotels.com\/es\/#website","url":"https:\/\/www.intlasbrisashotels.com\/es\/","name":"Las Brisas","description":"","publisher":{"@id":"https:\/\/www.intlasbrisashotels.com\/es\/#organization"},"potentialAction":[{"@type":"SearchAction","target":{"@type":"EntryPoint","urlTemplate":"https:\/\/www.intlasbrisashotels.com\/es\/?s={search_term_string}"},"query-input":"required name=search_term_string"}],"inLanguage":"es-ES"},{"@type":"Organization","@id":"https:\/\/www.intlasbrisashotels.com\/es\/#organization","name":"Grupo Brisas","url":"https:\/\/www.intlasbrisashotels.com\/es\/","logo":{"@type":"ImageObject","inLanguage":"es-ES","@id":"https:\/\/www.intlasbrisashotels.com\/es\/#\/schema\/logo\/image\/","url":"https:\/\/www.intlasbrisashotels.com\/wp-content\/uploads\/2017\/06\/Grupo-Brisas-Logo.png","contentUrl":"https:\/\/www.intlasbrisashotels.com\/wp-content\/uploads\/2017\/06\/Grupo-Brisas-Logo.png","width":201,"height":114,"caption":"Grupo Brisas"},"image":{"@id":"https:\/\/www.intlasbrisashotels.com\/es\/#\/schema\/logo\/image\/"}}]}},"_links":{"self":[{"href":"https:\/\/www.intlasbrisashotels.com\/es\/wp-json\/wp\/v2\/pages\/4018","targetHints":{"allow":["GET"]}}],"collection":[{"href":"https:\/\/www.intlasbrisashotels.com\/es\/wp-json\/wp\/v2\/pages"}],"about":[{"href":"https:\/\/www.intlasbrisashotels.com\/es\/wp-json\/wp\/v2\/types\/page"}],"author":[{"embeddable":true,"href":"https:\/\/www.intlasbrisashotels.com\/es\/wp-json\/wp\/v2\/users\/6"}],"replies":[{"embeddable":true,"href":"https:\/\/www.intlasbrisashotels.com\/es\/wp-json\/wp\/v2\/comments?post=4018"}],"version-history":[{"count":0,"href":"https:\/\/www.intlasbrisashotels.com\/es\/wp-json\/wp\/v2\/pages\/4018\/revisions"}],"up":[{"embeddable":true,"href":"https:\/\/www.intlasbrisashotels.com\/es\/wp-json\/wp\/v2\/pages\/4030"}],"wp:attachment":[{"href":"https:\/\/www.intlasbrisashotels.com\/es\/wp-json\/wp\/v2\/media?parent=4018"}],"curies":[{"name":"wp","href":"https:\/\/api.w.org\/{rel}","templated":true}]}}