{"id":3890,"date":"2016-07-19T18:04:30","date_gmt":"2016-07-19T18:04:30","guid":{"rendered":"https:\/\/www.intlasbrisashotels.com\/es\/ixtapa\/accommodations\/"},"modified":"2017-09-22T19:04:29","modified_gmt":"2017-09-22T19:04:29","slug":"accommodations","status":"publish","type":"page","link":"https:\/\/www.intlasbrisashotels.com\/es\/ixtapa\/accommodations\/","title":{"rendered":"Habitaciones"},"content":{"rendered":"","protected":false},"excerpt":{"rendered":"","protected":false},"author":6,"featured_media":0,"parent":1738,"menu_order":2,"comment_status":"closed","ping_status":"closed","template":"accommodations.php","meta":{"_acf_changed":false,"footnotes":""},"class_list":["post-3890","page","type-page","status-publish","hentry"],"acf":[],"yoast_head":"<!-- This site is optimized with the Yoast SEO plugin v22.8 - https:\/\/yoast.com\/wordpress\/plugins\/seo\/ -->\n<title>Hotel Las Brisas Ixtapa - Habitaciones | Escape A Un Aut\u00e9ntico Para\u00edso<\/title>\n<meta name=\"description\" content=\"Terrazas privadas y hermosas vistas a la costa del Pac\u00edfico, nuestras suites y habitaciones en Las Brisas Ixtapa est\u00e1n dise\u00f1adas para la escapada perfecta.\" \/>\n<meta name=\"robots\" content=\"noindex, follow\" \/>\n<meta property=\"og:locale\" content=\"es_ES\" \/>\n<meta property=\"og:type\" content=\"article\" \/>\n<meta property=\"og:title\" content=\"Hotel Las Brisas Ixtapa - Habitaciones | Escape A Un Aut\u00e9ntico Para\u00edso\" \/>\n<meta property=\"og:description\" content=\"Terrazas privadas y hermosas vistas a la costa del Pac\u00edfico, nuestras suites y habitaciones en Las Brisas Ixtapa est\u00e1n dise\u00f1adas para la escapada perfecta.\" \/>\n<meta property=\"og:url\" content=\"https:\/\/www.intlasbrisashotels.com\/es\/ixtapa\/accommodations\/\" \/>\n<meta property=\"og:site_name\" content=\"Las Brisas\" \/>\n<meta property=\"article:modified_time\" content=\"2017-09-22T19:04:29+00:00\" \/>\n<meta name=\"twitter:card\" content=\"summary_large_image\" \/>\n<script type=\"application\/ld+json\" class=\"yoast-schema-graph\">{\"@context\":\"https:\/\/schema.org\",\"@graph\":[{\"@type\":\"WebPage\",\"@id\":\"https:\/\/www.intlasbrisashotels.com\/es\/ixtapa\/accommodations\/\",\"url\":\"https:\/\/www.intlasbrisashotels.com\/es\/ixtapa\/accommodations\/\",\"name\":\"Hotel Las Brisas Ixtapa - Habitaciones | Escape A Un Aut\u00e9ntico Para\u00edso\",\"isPartOf\":{\"@id\":\"https:\/\/www.intlasbrisashotels.com\/es\/#website\"},\"datePublished\":\"2016-07-19T18:04:30+00:00\",\"dateModified\":\"2017-09-22T19:04:29+00:00\",\"description\":\"Terrazas privadas y hermosas vistas a la costa del Pac\u00edfico, nuestras suites y habitaciones en Las Brisas Ixtapa est\u00e1n dise\u00f1adas para la escapada perfecta.\",\"breadcrumb\":{\"@id\":\"https:\/\/www.intlasbrisashotels.com\/es\/ixtapa\/accommodations\/#breadcrumb\"},\"inLanguage\":\"es-ES\",\"potentialAction\":[{\"@type\":\"ReadAction\",\"target\":[\"https:\/\/www.intlasbrisashotels.com\/es\/ixtapa\/accommodations\/\"]}]},{\"@type\":\"BreadcrumbList\",\"@id\":\"https:\/\/www.intlasbrisashotels.com\/es\/ixtapa\/accommodations\/#breadcrumb\",\"itemListElement\":[{\"@type\":\"ListItem\",\"position\":1,\"name\":\"Home\",\"item\":\"https:\/\/www.intlasbrisashotels.com\/es\/\"},{\"@type\":\"ListItem\",\"position\":2,\"name\":\"Ixtapa\",\"item\":\"https:\/\/www.intlasbrisashotels.com\/es\/ixtapa\/\"},{\"@type\":\"ListItem\",\"position\":3,\"name\":\"Habitaciones\"}]},{\"@type\":\"WebSite\",\"@id\":\"https:\/\/www.intlasbrisashotels.com\/es\/#website\",\"url\":\"https:\/\/www.intlasbrisashotels.com\/es\/\",\"name\":\"Las Brisas\",\"description\":\"\",\"publisher\":{\"@id\":\"https:\/\/www.intlasbrisashotels.com\/es\/#organization\"},\"potentialAction\":[{\"@type\":\"SearchAction\",\"target\":{\"@type\":\"EntryPoint\",\"urlTemplate\":\"https:\/\/www.intlasbrisashotels.com\/es\/?s={search_term_string}\"},\"query-input\":\"required name=search_term_string\"}],\"inLanguage\":\"es-ES\"},{\"@type\":\"Organization\",\"@id\":\"https:\/\/www.intlasbrisashotels.com\/es\/#organization\",\"name\":\"Grupo Brisas\",\"url\":\"https:\/\/www.intlasbrisashotels.com\/es\/\",\"logo\":{\"@type\":\"ImageObject\",\"inLanguage\":\"es-ES\",\"@id\":\"https:\/\/www.intlasbrisashotels.com\/es\/#\/schema\/logo\/image\/\",\"url\":\"https:\/\/www.intlasbrisashotels.com\/wp-content\/uploads\/2017\/06\/Grupo-Brisas-Logo.png\",\"contentUrl\":\"https:\/\/www.intlasbrisashotels.com\/wp-content\/uploads\/2017\/06\/Grupo-Brisas-Logo.png\",\"width\":201,\"height\":114,\"caption\":\"Grupo Brisas\"},\"image\":{\"@id\":\"https:\/\/www.intlasbrisashotels.com\/es\/#\/schema\/logo\/image\/\"}}]}<\/script>\n<!-- \/ Yoast SEO plugin. -->","yoast_head_json":{"title":"Hotel Las Brisas Ixtapa - Habitaciones | Escape A Un Aut\u00e9ntico Para\u00edso","description":"Terrazas privadas y hermosas vistas a la costa del Pac\u00edfico, nuestras suites y habitaciones en Las Brisas Ixtapa est\u00e1n dise\u00f1adas para la escapada perfecta.","robots":{"index":"noindex","follow":"follow"},"og_locale":"es_ES","og_type":"article","og_title":"Hotel Las Brisas Ixtapa - Habitaciones | Escape A Un Aut\u00e9ntico Para\u00edso","og_description":"Terrazas privadas y hermosas vistas a la costa del Pac\u00edfico, nuestras suites y habitaciones en Las Brisas Ixtapa est\u00e1n dise\u00f1adas para la escapada perfecta.","og_url":"https:\/\/www.intlasbrisashotels.com\/es\/ixtapa\/accommodations\/","og_site_name":"Las Brisas","article_modified_time":"2017-09-22T19:04:29+00:00","twitter_card":"summary_large_image","schema":{"@context":"https:\/\/schema.org","@graph":[{"@type":"WebPage","@id":"https:\/\/www.intlasbrisashotels.com\/es\/ixtapa\/accommodations\/","url":"https:\/\/www.intlasbrisashotels.com\/es\/ixtapa\/accommodations\/","name":"Hotel Las Brisas Ixtapa - Habitaciones | Escape A Un Aut\u00e9ntico Para\u00edso","isPartOf":{"@id":"https:\/\/www.intlasbrisashotels.com\/es\/#website"},"datePublished":"2016-07-19T18:04:30+00:00","dateModified":"2017-09-22T19:04:29+00:00","description":"Terrazas privadas y hermosas vistas a la costa del Pac\u00edfico, nuestras suites y habitaciones en Las Brisas Ixtapa est\u00e1n dise\u00f1adas para la escapada perfecta.","breadcrumb":{"@id":"https:\/\/www.intlasbrisashotels.com\/es\/ixtapa\/accommodations\/#breadcrumb"},"inLanguage":"es-ES","potentialAction":[{"@type":"ReadAction","target":["https:\/\/www.intlasbrisashotels.com\/es\/ixtapa\/accommodations\/"]}]},{"@type":"BreadcrumbList","@id":"https:\/\/www.intlasbrisashotels.com\/es\/ixtapa\/accommodations\/#breadcrumb","itemListElement":[{"@type":"ListItem","position":1,"name":"Home","item":"https:\/\/www.intlasbrisashotels.com\/es\/"},{"@type":"ListItem","position":2,"name":"Ixtapa","item":"https:\/\/www.intlasbrisashotels.com\/es\/ixtapa\/"},{"@type":"ListItem","position":3,"name":"Habitaciones"}]},{"@type":"WebSite","@id":"https:\/\/www.intlasbrisashotels.com\/es\/#website","url":"https:\/\/www.intlasbrisashotels.com\/es\/","name":"Las Brisas","description":"","publisher":{"@id":"https:\/\/www.intlasbrisashotels.com\/es\/#organization"},"potentialAction":[{"@type":"SearchAction","target":{"@type":"EntryPoint","urlTemplate":"https:\/\/www.intlasbrisashotels.com\/es\/?s={search_term_string}"},"query-input":"required name=search_term_string"}],"inLanguage":"es-ES"},{"@type":"Organization","@id":"https:\/\/www.intlasbrisashotels.com\/es\/#organization","name":"Grupo Brisas","url":"https:\/\/www.intlasbrisashotels.com\/es\/","logo":{"@type":"ImageObject","inLanguage":"es-ES","@id":"https:\/\/www.intlasbrisashotels.com\/es\/#\/schema\/logo\/image\/","url":"https:\/\/www.intlasbrisashotels.com\/wp-content\/uploads\/2017\/06\/Grupo-Brisas-Logo.png","contentUrl":"https:\/\/www.intlasbrisashotels.com\/wp-content\/uploads\/2017\/06\/Grupo-Brisas-Logo.png","width":201,"height":114,"caption":"Grupo Brisas"},"image":{"@id":"https:\/\/www.intlasbrisashotels.com\/es\/#\/schema\/logo\/image\/"}}]}},"_links":{"self":[{"href":"https:\/\/www.intlasbrisashotels.com\/es\/wp-json\/wp\/v2\/pages\/3890","targetHints":{"allow":["GET"]}}],"collection":[{"href":"https:\/\/www.intlasbrisashotels.com\/es\/wp-json\/wp\/v2\/pages"}],"about":[{"href":"https:\/\/www.intlasbrisashotels.com\/es\/wp-json\/wp\/v2\/types\/page"}],"author":[{"embeddable":true,"href":"https:\/\/www.intlasbrisashotels.com\/es\/wp-json\/wp\/v2\/users\/6"}],"replies":[{"embeddable":true,"href":"https:\/\/www.intlasbrisashotels.com\/es\/wp-json\/wp\/v2\/comments?post=3890"}],"version-history":[{"count":0,"href":"https:\/\/www.intlasbrisashotels.com\/es\/wp-json\/wp\/v2\/pages\/3890\/revisions"}],"up":[{"embeddable":true,"href":"https:\/\/www.intlasbrisashotels.com\/es\/wp-json\/wp\/v2\/pages\/1738"}],"wp:attachment":[{"href":"https:\/\/www.intlasbrisashotels.com\/es\/wp-json\/wp\/v2\/media?parent=3890"}],"curies":[{"name":"wp","href":"https:\/\/api.w.org\/{rel}","templated":true}]}}