{"id":3675,"date":"2016-08-30T14:08:13","date_gmt":"2016-08-30T14:08:13","guid":{"rendered":"https:\/\/www.intlasbrisashotels.com\/es\/acapulco\/cuisine-cocktails\/"},"modified":"2022-12-29T19:24:12","modified_gmt":"2022-12-29T19:24:12","slug":"cuisine","status":"publish","type":"page","link":"https:\/\/www.intlasbrisashotels.com\/es\/acapulco\/cuisine\/","title":{"rendered":"Gastronom\u00eda"},"content":{"rendered":"","protected":false},"excerpt":{"rendered":"","protected":false},"author":6,"featured_media":0,"parent":1605,"menu_order":4,"comment_status":"closed","ping_status":"closed","template":"cuisine.php","meta":{"_acf_changed":false,"footnotes":""},"class_list":["post-3675","page","type-page","status-publish","hentry"],"acf":[],"yoast_head":"<!-- This site is optimized with the Yoast SEO plugin v22.8 - https:\/\/yoast.com\/wordpress\/plugins\/seo\/ -->\n<title>Hotel Las Brisas Acapulco - Gastronom\u00eda | Cena Con Vista Panor\u00e1mica<\/title>\n<meta name=\"description\" content=\"Cocina de Las Brisas Acapulco. Aqu\u00ed encontrar\u00e1 que la comida y bebidas son tan inigualables como la naturaleza que nos rodea.\" \/>\n<meta name=\"robots\" content=\"noindex, follow\" \/>\n<meta property=\"og:locale\" content=\"es_ES\" \/>\n<meta property=\"og:type\" content=\"article\" \/>\n<meta property=\"og:title\" content=\"Hotel Las Brisas Acapulco - Gastronom\u00eda | Cena Con Vista Panor\u00e1mica\" \/>\n<meta property=\"og:description\" content=\"Cocina de Las Brisas Acapulco. Aqu\u00ed encontrar\u00e1 que la comida y bebidas son tan inigualables como la naturaleza que nos rodea.\" \/>\n<meta property=\"og:url\" content=\"https:\/\/www.intlasbrisashotels.com\/es\/acapulco\/cuisine\/\" \/>\n<meta property=\"og:site_name\" content=\"Las Brisas\" \/>\n<meta property=\"article:modified_time\" content=\"2022-12-29T19:24:12+00:00\" \/>\n<meta name=\"twitter:card\" content=\"summary_large_image\" \/>\n<script type=\"application\/ld+json\" class=\"yoast-schema-graph\">{\"@context\":\"https:\/\/schema.org\",\"@graph\":[{\"@type\":\"WebPage\",\"@id\":\"https:\/\/www.intlasbrisashotels.com\/es\/acapulco\/cuisine\/\",\"url\":\"https:\/\/www.intlasbrisashotels.com\/es\/acapulco\/cuisine\/\",\"name\":\"Hotel Las Brisas Acapulco - Gastronom\u00eda | Cena Con Vista Panor\u00e1mica\",\"isPartOf\":{\"@id\":\"https:\/\/www.intlasbrisashotels.com\/es\/#website\"},\"datePublished\":\"2016-08-30T14:08:13+00:00\",\"dateModified\":\"2022-12-29T19:24:12+00:00\",\"description\":\"Cocina de Las Brisas Acapulco. Aqu\u00ed encontrar\u00e1 que la comida y bebidas son tan inigualables como la naturaleza que nos rodea.\",\"breadcrumb\":{\"@id\":\"https:\/\/www.intlasbrisashotels.com\/es\/acapulco\/cuisine\/#breadcrumb\"},\"inLanguage\":\"es-ES\",\"potentialAction\":[{\"@type\":\"ReadAction\",\"target\":[\"https:\/\/www.intlasbrisashotels.com\/es\/acapulco\/cuisine\/\"]}]},{\"@type\":\"BreadcrumbList\",\"@id\":\"https:\/\/www.intlasbrisashotels.com\/es\/acapulco\/cuisine\/#breadcrumb\",\"itemListElement\":[{\"@type\":\"ListItem\",\"position\":1,\"name\":\"Home\",\"item\":\"https:\/\/www.intlasbrisashotels.com\/es\/\"},{\"@type\":\"ListItem\",\"position\":2,\"name\":\"Acapulco\",\"item\":\"https:\/\/www.intlasbrisashotels.com\/es\/acapulco\/\"},{\"@type\":\"ListItem\",\"position\":3,\"name\":\"Gastronom\u00eda\"}]},{\"@type\":\"WebSite\",\"@id\":\"https:\/\/www.intlasbrisashotels.com\/es\/#website\",\"url\":\"https:\/\/www.intlasbrisashotels.com\/es\/\",\"name\":\"Las Brisas\",\"description\":\"\",\"publisher\":{\"@id\":\"https:\/\/www.intlasbrisashotels.com\/es\/#organization\"},\"potentialAction\":[{\"@type\":\"SearchAction\",\"target\":{\"@type\":\"EntryPoint\",\"urlTemplate\":\"https:\/\/www.intlasbrisashotels.com\/es\/?s={search_term_string}\"},\"query-input\":\"required name=search_term_string\"}],\"inLanguage\":\"es-ES\"},{\"@type\":\"Organization\",\"@id\":\"https:\/\/www.intlasbrisashotels.com\/es\/#organization\",\"name\":\"Grupo Brisas\",\"url\":\"https:\/\/www.intlasbrisashotels.com\/es\/\",\"logo\":{\"@type\":\"ImageObject\",\"inLanguage\":\"es-ES\",\"@id\":\"https:\/\/www.intlasbrisashotels.com\/es\/#\/schema\/logo\/image\/\",\"url\":\"https:\/\/www.intlasbrisashotels.com\/wp-content\/uploads\/2017\/06\/Grupo-Brisas-Logo.png\",\"contentUrl\":\"https:\/\/www.intlasbrisashotels.com\/wp-content\/uploads\/2017\/06\/Grupo-Brisas-Logo.png\",\"width\":201,\"height\":114,\"caption\":\"Grupo Brisas\"},\"image\":{\"@id\":\"https:\/\/www.intlasbrisashotels.com\/es\/#\/schema\/logo\/image\/\"}}]}<\/script>\n<!-- \/ Yoast SEO plugin. -->","yoast_head_json":{"title":"Hotel Las Brisas Acapulco - Gastronom\u00eda | Cena Con Vista Panor\u00e1mica","description":"Cocina de Las Brisas Acapulco. Aqu\u00ed encontrar\u00e1 que la comida y bebidas son tan inigualables como la naturaleza que nos rodea.","robots":{"index":"noindex","follow":"follow"},"og_locale":"es_ES","og_type":"article","og_title":"Hotel Las Brisas Acapulco - Gastronom\u00eda | Cena Con Vista Panor\u00e1mica","og_description":"Cocina de Las Brisas Acapulco. Aqu\u00ed encontrar\u00e1 que la comida y bebidas son tan inigualables como la naturaleza que nos rodea.","og_url":"https:\/\/www.intlasbrisashotels.com\/es\/acapulco\/cuisine\/","og_site_name":"Las Brisas","article_modified_time":"2022-12-29T19:24:12+00:00","twitter_card":"summary_large_image","schema":{"@context":"https:\/\/schema.org","@graph":[{"@type":"WebPage","@id":"https:\/\/www.intlasbrisashotels.com\/es\/acapulco\/cuisine\/","url":"https:\/\/www.intlasbrisashotels.com\/es\/acapulco\/cuisine\/","name":"Hotel Las Brisas Acapulco - Gastronom\u00eda | Cena Con Vista Panor\u00e1mica","isPartOf":{"@id":"https:\/\/www.intlasbrisashotels.com\/es\/#website"},"datePublished":"2016-08-30T14:08:13+00:00","dateModified":"2022-12-29T19:24:12+00:00","description":"Cocina de Las Brisas Acapulco. Aqu\u00ed encontrar\u00e1 que la comida y bebidas son tan inigualables como la naturaleza que nos rodea.","breadcrumb":{"@id":"https:\/\/www.intlasbrisashotels.com\/es\/acapulco\/cuisine\/#breadcrumb"},"inLanguage":"es-ES","potentialAction":[{"@type":"ReadAction","target":["https:\/\/www.intlasbrisashotels.com\/es\/acapulco\/cuisine\/"]}]},{"@type":"BreadcrumbList","@id":"https:\/\/www.intlasbrisashotels.com\/es\/acapulco\/cuisine\/#breadcrumb","itemListElement":[{"@type":"ListItem","position":1,"name":"Home","item":"https:\/\/www.intlasbrisashotels.com\/es\/"},{"@type":"ListItem","position":2,"name":"Acapulco","item":"https:\/\/www.intlasbrisashotels.com\/es\/acapulco\/"},{"@type":"ListItem","position":3,"name":"Gastronom\u00eda"}]},{"@type":"WebSite","@id":"https:\/\/www.intlasbrisashotels.com\/es\/#website","url":"https:\/\/www.intlasbrisashotels.com\/es\/","name":"Las Brisas","description":"","publisher":{"@id":"https:\/\/www.intlasbrisashotels.com\/es\/#organization"},"potentialAction":[{"@type":"SearchAction","target":{"@type":"EntryPoint","urlTemplate":"https:\/\/www.intlasbrisashotels.com\/es\/?s={search_term_string}"},"query-input":"required name=search_term_string"}],"inLanguage":"es-ES"},{"@type":"Organization","@id":"https:\/\/www.intlasbrisashotels.com\/es\/#organization","name":"Grupo Brisas","url":"https:\/\/www.intlasbrisashotels.com\/es\/","logo":{"@type":"ImageObject","inLanguage":"es-ES","@id":"https:\/\/www.intlasbrisashotels.com\/es\/#\/schema\/logo\/image\/","url":"https:\/\/www.intlasbrisashotels.com\/wp-content\/uploads\/2017\/06\/Grupo-Brisas-Logo.png","contentUrl":"https:\/\/www.intlasbrisashotels.com\/wp-content\/uploads\/2017\/06\/Grupo-Brisas-Logo.png","width":201,"height":114,"caption":"Grupo Brisas"},"image":{"@id":"https:\/\/www.intlasbrisashotels.com\/es\/#\/schema\/logo\/image\/"}}]}},"_links":{"self":[{"href":"https:\/\/www.intlasbrisashotels.com\/es\/wp-json\/wp\/v2\/pages\/3675","targetHints":{"allow":["GET"]}}],"collection":[{"href":"https:\/\/www.intlasbrisashotels.com\/es\/wp-json\/wp\/v2\/pages"}],"about":[{"href":"https:\/\/www.intlasbrisashotels.com\/es\/wp-json\/wp\/v2\/types\/page"}],"author":[{"embeddable":true,"href":"https:\/\/www.intlasbrisashotels.com\/es\/wp-json\/wp\/v2\/users\/6"}],"replies":[{"embeddable":true,"href":"https:\/\/www.intlasbrisashotels.com\/es\/wp-json\/wp\/v2\/comments?post=3675"}],"version-history":[{"count":0,"href":"https:\/\/www.intlasbrisashotels.com\/es\/wp-json\/wp\/v2\/pages\/3675\/revisions"}],"up":[{"embeddable":true,"href":"https:\/\/www.intlasbrisashotels.com\/es\/wp-json\/wp\/v2\/pages\/1605"}],"wp:attachment":[{"href":"https:\/\/www.intlasbrisashotels.com\/es\/wp-json\/wp\/v2\/media?parent=3675"}],"curies":[{"name":"wp","href":"https:\/\/api.w.org\/{rel}","templated":true}]}}