{"id":12734,"date":"2022-03-09T16:41:42","date_gmt":"2022-03-09T16:41:42","guid":{"rendered":"https:\/\/www.intlasbrisashotels.com\/?page_id=12734"},"modified":"2025-08-16T15:41:54","modified_gmt":"2025-08-16T15:41:54","slug":"menu-habitacion","status":"publish","type":"page","link":"https:\/\/www.intlasbrisashotels.com\/es\/manzanillo\/cuisine\/menu-habitacion\/","title":{"rendered":"Men\u00fa Habitaci\u00f3n"},"content":{"rendered":"","protected":false},"excerpt":{"rendered":"","protected":false},"author":7,"featured_media":0,"parent":4335,"menu_order":0,"comment_status":"closed","ping_status":"closed","template":"standard.php","meta":{"_acf_changed":false,"footnotes":""},"class_list":["post-12734","page","type-page","status-publish","hentry"],"acf":[],"yoast_head":"<!-- This site is optimized with the Yoast SEO plugin v22.8 - https:\/\/yoast.com\/wordpress\/plugins\/seo\/ -->\n<title>Men\u00fa Habitaci\u00f3n - Las Brisas<\/title>\n<meta name=\"robots\" content=\"noindex, follow\" \/>\n<meta property=\"og:locale\" content=\"es_ES\" \/>\n<meta property=\"og:type\" content=\"article\" \/>\n<meta property=\"og:title\" content=\"Men\u00fa Habitaci\u00f3n - Las Brisas\" \/>\n<meta property=\"og:url\" content=\"https:\/\/www.intlasbrisashotels.com\/es\/manzanillo\/cuisine\/menu-habitacion\/\" \/>\n<meta property=\"og:site_name\" content=\"Las Brisas\" \/>\n<meta property=\"article:modified_time\" content=\"2025-08-16T15:41:54+00:00\" \/>\n<meta name=\"twitter:card\" content=\"summary_large_image\" \/>\n<script type=\"application\/ld+json\" class=\"yoast-schema-graph\">{\"@context\":\"https:\/\/schema.org\",\"@graph\":[{\"@type\":\"WebPage\",\"@id\":\"https:\/\/www.intlasbrisashotels.com\/es\/manzanillo\/cuisine\/menu-habitacion\/\",\"url\":\"https:\/\/www.intlasbrisashotels.com\/es\/manzanillo\/cuisine\/menu-habitacion\/\",\"name\":\"Men\u00fa Habitaci\u00f3n - Las Brisas\",\"isPartOf\":{\"@id\":\"https:\/\/www.intlasbrisashotels.com\/es\/#website\"},\"datePublished\":\"2022-03-09T16:41:42+00:00\",\"dateModified\":\"2025-08-16T15:41:54+00:00\",\"breadcrumb\":{\"@id\":\"https:\/\/www.intlasbrisashotels.com\/es\/manzanillo\/cuisine\/menu-habitacion\/#breadcrumb\"},\"inLanguage\":\"es-ES\",\"potentialAction\":[{\"@type\":\"ReadAction\",\"target\":[\"https:\/\/www.intlasbrisashotels.com\/es\/manzanillo\/cuisine\/menu-habitacion\/\"]}]},{\"@type\":\"BreadcrumbList\",\"@id\":\"https:\/\/www.intlasbrisashotels.com\/es\/manzanillo\/cuisine\/menu-habitacion\/#breadcrumb\",\"itemListElement\":[{\"@type\":\"ListItem\",\"position\":1,\"name\":\"Home\",\"item\":\"https:\/\/www.intlasbrisashotels.com\/es\/\"},{\"@type\":\"ListItem\",\"position\":2,\"name\":\"Manzanillo\",\"item\":\"https:\/\/www.intlasbrisashotels.com\/es\/manzanillo\/\"},{\"@type\":\"ListItem\",\"position\":3,\"name\":\"Gastronom\u00eda\",\"item\":\"https:\/\/www.intlasbrisashotels.com\/es\/manzanillo\/cuisine\/\"},{\"@type\":\"ListItem\",\"position\":4,\"name\":\"Men\u00fa Habitaci\u00f3n\"}]},{\"@type\":\"WebSite\",\"@id\":\"https:\/\/www.intlasbrisashotels.com\/es\/#website\",\"url\":\"https:\/\/www.intlasbrisashotels.com\/es\/\",\"name\":\"Las Brisas\",\"description\":\"\",\"publisher\":{\"@id\":\"https:\/\/www.intlasbrisashotels.com\/es\/#organization\"},\"potentialAction\":[{\"@type\":\"SearchAction\",\"target\":{\"@type\":\"EntryPoint\",\"urlTemplate\":\"https:\/\/www.intlasbrisashotels.com\/es\/?s={search_term_string}\"},\"query-input\":\"required name=search_term_string\"}],\"inLanguage\":\"es-ES\"},{\"@type\":\"Organization\",\"@id\":\"https:\/\/www.intlasbrisashotels.com\/es\/#organization\",\"name\":\"Grupo Brisas\",\"url\":\"https:\/\/www.intlasbrisashotels.com\/es\/\",\"logo\":{\"@type\":\"ImageObject\",\"inLanguage\":\"es-ES\",\"@id\":\"https:\/\/www.intlasbrisashotels.com\/es\/#\/schema\/logo\/image\/\",\"url\":\"https:\/\/www.intlasbrisashotels.com\/wp-content\/uploads\/2017\/06\/Grupo-Brisas-Logo.png\",\"contentUrl\":\"https:\/\/www.intlasbrisashotels.com\/wp-content\/uploads\/2017\/06\/Grupo-Brisas-Logo.png\",\"width\":201,\"height\":114,\"caption\":\"Grupo Brisas\"},\"image\":{\"@id\":\"https:\/\/www.intlasbrisashotels.com\/es\/#\/schema\/logo\/image\/\"}}]}<\/script>\n<!-- \/ Yoast SEO plugin. -->","yoast_head_json":{"title":"Men\u00fa Habitaci\u00f3n - Las Brisas","robots":{"index":"noindex","follow":"follow"},"og_locale":"es_ES","og_type":"article","og_title":"Men\u00fa Habitaci\u00f3n - Las Brisas","og_url":"https:\/\/www.intlasbrisashotels.com\/es\/manzanillo\/cuisine\/menu-habitacion\/","og_site_name":"Las Brisas","article_modified_time":"2025-08-16T15:41:54+00:00","twitter_card":"summary_large_image","schema":{"@context":"https:\/\/schema.org","@graph":[{"@type":"WebPage","@id":"https:\/\/www.intlasbrisashotels.com\/es\/manzanillo\/cuisine\/menu-habitacion\/","url":"https:\/\/www.intlasbrisashotels.com\/es\/manzanillo\/cuisine\/menu-habitacion\/","name":"Men\u00fa Habitaci\u00f3n - Las Brisas","isPartOf":{"@id":"https:\/\/www.intlasbrisashotels.com\/es\/#website"},"datePublished":"2022-03-09T16:41:42+00:00","dateModified":"2025-08-16T15:41:54+00:00","breadcrumb":{"@id":"https:\/\/www.intlasbrisashotels.com\/es\/manzanillo\/cuisine\/menu-habitacion\/#breadcrumb"},"inLanguage":"es-ES","potentialAction":[{"@type":"ReadAction","target":["https:\/\/www.intlasbrisashotels.com\/es\/manzanillo\/cuisine\/menu-habitacion\/"]}]},{"@type":"BreadcrumbList","@id":"https:\/\/www.intlasbrisashotels.com\/es\/manzanillo\/cuisine\/menu-habitacion\/#breadcrumb","itemListElement":[{"@type":"ListItem","position":1,"name":"Home","item":"https:\/\/www.intlasbrisashotels.com\/es\/"},{"@type":"ListItem","position":2,"name":"Manzanillo","item":"https:\/\/www.intlasbrisashotels.com\/es\/manzanillo\/"},{"@type":"ListItem","position":3,"name":"Gastronom\u00eda","item":"https:\/\/www.intlasbrisashotels.com\/es\/manzanillo\/cuisine\/"},{"@type":"ListItem","position":4,"name":"Men\u00fa Habitaci\u00f3n"}]},{"@type":"WebSite","@id":"https:\/\/www.intlasbrisashotels.com\/es\/#website","url":"https:\/\/www.intlasbrisashotels.com\/es\/","name":"Las Brisas","description":"","publisher":{"@id":"https:\/\/www.intlasbrisashotels.com\/es\/#organization"},"potentialAction":[{"@type":"SearchAction","target":{"@type":"EntryPoint","urlTemplate":"https:\/\/www.intlasbrisashotels.com\/es\/?s={search_term_string}"},"query-input":"required name=search_term_string"}],"inLanguage":"es-ES"},{"@type":"Organization","@id":"https:\/\/www.intlasbrisashotels.com\/es\/#organization","name":"Grupo Brisas","url":"https:\/\/www.intlasbrisashotels.com\/es\/","logo":{"@type":"ImageObject","inLanguage":"es-ES","@id":"https:\/\/www.intlasbrisashotels.com\/es\/#\/schema\/logo\/image\/","url":"https:\/\/www.intlasbrisashotels.com\/wp-content\/uploads\/2017\/06\/Grupo-Brisas-Logo.png","contentUrl":"https:\/\/www.intlasbrisashotels.com\/wp-content\/uploads\/2017\/06\/Grupo-Brisas-Logo.png","width":201,"height":114,"caption":"Grupo Brisas"},"image":{"@id":"https:\/\/www.intlasbrisashotels.com\/es\/#\/schema\/logo\/image\/"}}]}},"_links":{"self":[{"href":"https:\/\/www.intlasbrisashotels.com\/es\/wp-json\/wp\/v2\/pages\/12734","targetHints":{"allow":["GET"]}}],"collection":[{"href":"https:\/\/www.intlasbrisashotels.com\/es\/wp-json\/wp\/v2\/pages"}],"about":[{"href":"https:\/\/www.intlasbrisashotels.com\/es\/wp-json\/wp\/v2\/types\/page"}],"author":[{"embeddable":true,"href":"https:\/\/www.intlasbrisashotels.com\/es\/wp-json\/wp\/v2\/users\/7"}],"replies":[{"embeddable":true,"href":"https:\/\/www.intlasbrisashotels.com\/es\/wp-json\/wp\/v2\/comments?post=12734"}],"version-history":[{"count":0,"href":"https:\/\/www.intlasbrisashotels.com\/es\/wp-json\/wp\/v2\/pages\/12734\/revisions"}],"up":[{"embeddable":true,"href":"https:\/\/www.intlasbrisashotels.com\/es\/wp-json\/wp\/v2\/pages\/4335"}],"wp:attachment":[{"href":"https:\/\/www.intlasbrisashotels.com\/es\/wp-json\/wp\/v2\/media?parent=12734"}],"curies":[{"name":"wp","href":"https:\/\/api.w.org\/{rel}","templated":true}]}}