{"id":7340,"date":"2018-09-03T16:24:50","date_gmt":"2018-09-03T16:24:50","guid":{"rendered":"https:\/\/www.intlasbrisashotels.com\/?page_id=7340\/"},"modified":"2024-07-27T14:00:38","modified_gmt":"2024-07-27T14:00:38","slug":"spa","status":"publish","type":"page","link":"https:\/\/www.intlasbrisashotels.com\/en\/ixtapa\/spa\/","title":{"rendered":"Spa"},"content":{"rendered":"","protected":false},"excerpt":{"rendered":"","protected":false},"author":7,"featured_media":0,"parent":38,"menu_order":0,"comment_status":"closed","ping_status":"closed","template":"activities.php","meta":{"_acf_changed":false,"footnotes":""},"class_list":["post-7340","page","type-page","status-publish","hentry"],"acf":[],"yoast_head":"<!-- This site is optimized with the Yoast SEO plugin v22.8 - https:\/\/yoast.com\/wordpress\/plugins\/seo\/ -->\n<title>Hotel Las Brisas Ixtapa - Spa | Disfrute De Un Momento de Relajaci\u00f3n<\/title>\n<meta name=\"description\" content=\"Disfrute de una experiencia relajante en nuestro SPA donde el ambiente ayudar\u00e1 a crear una energ\u00eda y un sentido de equilibrio y calma.\" \/>\n<meta name=\"robots\" content=\"noindex, follow\" \/>\n<meta property=\"og:locale\" content=\"en_US\" \/>\n<meta property=\"og:type\" content=\"article\" \/>\n<meta property=\"og:title\" content=\"Hotel Las Brisas Ixtapa - Spa | Disfrute De Un Momento de Relajaci\u00f3n\" \/>\n<meta property=\"og:description\" content=\"Disfrute de una experiencia relajante en nuestro SPA donde el ambiente ayudar\u00e1 a crear una energ\u00eda y un sentido de equilibrio y calma.\" \/>\n<meta property=\"og:url\" content=\"https:\/\/www.intlasbrisashotels.com\/en\/ixtapa\/spa\/\" \/>\n<meta property=\"og:site_name\" content=\"Las Brisas\" \/>\n<meta property=\"article:modified_time\" content=\"2024-07-27T14:00:38+00:00\" \/>\n<meta name=\"twitter:card\" content=\"summary_large_image\" \/>\n<script type=\"application\/ld+json\" class=\"yoast-schema-graph\">{\"@context\":\"https:\/\/schema.org\",\"@graph\":[{\"@type\":\"WebPage\",\"@id\":\"https:\/\/www.intlasbrisashotels.com\/en\/ixtapa\/spa\/\",\"url\":\"https:\/\/www.intlasbrisashotels.com\/en\/ixtapa\/spa\/\",\"name\":\"Hotel Las Brisas Ixtapa - Spa | Disfrute De Un Momento de Relajaci\u00f3n\",\"isPartOf\":{\"@id\":\"https:\/\/www.intlasbrisashotels.com\/es\/#website\"},\"datePublished\":\"2018-09-03T16:24:50+00:00\",\"dateModified\":\"2024-07-27T14:00:38+00:00\",\"description\":\"Disfrute de una experiencia relajante en nuestro SPA donde el ambiente ayudar\u00e1 a crear una energ\u00eda y un sentido de equilibrio y calma.\",\"breadcrumb\":{\"@id\":\"https:\/\/www.intlasbrisashotels.com\/en\/ixtapa\/spa\/#breadcrumb\"},\"inLanguage\":\"en-US\",\"potentialAction\":[{\"@type\":\"ReadAction\",\"target\":[\"https:\/\/www.intlasbrisashotels.com\/en\/ixtapa\/spa\/\"]}]},{\"@type\":\"BreadcrumbList\",\"@id\":\"https:\/\/www.intlasbrisashotels.com\/en\/ixtapa\/spa\/#breadcrumb\",\"itemListElement\":[{\"@type\":\"ListItem\",\"position\":1,\"name\":\"Home\",\"item\":\"https:\/\/www.intlasbrisashotels.com\/en\/\"},{\"@type\":\"ListItem\",\"position\":2,\"name\":\"Ixtapa\",\"item\":\"https:\/\/www.intlasbrisashotels.com\/en\/ixtapa\/\"},{\"@type\":\"ListItem\",\"position\":3,\"name\":\"Spa\"}]},{\"@type\":\"WebSite\",\"@id\":\"https:\/\/www.intlasbrisashotels.com\/es\/#website\",\"url\":\"https:\/\/www.intlasbrisashotels.com\/es\/\",\"name\":\"Las Brisas\",\"description\":\"\",\"publisher\":{\"@id\":\"https:\/\/www.intlasbrisashotels.com\/es\/#organization\"},\"potentialAction\":[{\"@type\":\"SearchAction\",\"target\":{\"@type\":\"EntryPoint\",\"urlTemplate\":\"https:\/\/www.intlasbrisashotels.com\/es\/?s={search_term_string}\"},\"query-input\":\"required name=search_term_string\"}],\"inLanguage\":\"en-US\"},{\"@type\":\"Organization\",\"@id\":\"https:\/\/www.intlasbrisashotels.com\/es\/#organization\",\"name\":\"Grupo Brisas\",\"url\":\"https:\/\/www.intlasbrisashotels.com\/es\/\",\"logo\":{\"@type\":\"ImageObject\",\"inLanguage\":\"en-US\",\"@id\":\"https:\/\/www.intlasbrisashotels.com\/es\/#\/schema\/logo\/image\/\",\"url\":\"https:\/\/www.intlasbrisashotels.com\/wp-content\/uploads\/2017\/06\/Grupo-Brisas-Logo.png\",\"contentUrl\":\"https:\/\/www.intlasbrisashotels.com\/wp-content\/uploads\/2017\/06\/Grupo-Brisas-Logo.png\",\"width\":201,\"height\":114,\"caption\":\"Grupo Brisas\"},\"image\":{\"@id\":\"https:\/\/www.intlasbrisashotels.com\/es\/#\/schema\/logo\/image\/\"}}]}<\/script>\n<!-- \/ Yoast SEO plugin. -->","yoast_head_json":{"title":"Hotel Las Brisas Ixtapa - Spa | Disfrute De Un Momento de Relajaci\u00f3n","description":"Disfrute de una experiencia relajante en nuestro SPA donde el ambiente ayudar\u00e1 a crear una energ\u00eda y un sentido de equilibrio y calma.","robots":{"index":"noindex","follow":"follow"},"og_locale":"en_US","og_type":"article","og_title":"Hotel Las Brisas Ixtapa - Spa | Disfrute De Un Momento de Relajaci\u00f3n","og_description":"Disfrute de una experiencia relajante en nuestro SPA donde el ambiente ayudar\u00e1 a crear una energ\u00eda y un sentido de equilibrio y calma.","og_url":"https:\/\/www.intlasbrisashotels.com\/en\/ixtapa\/spa\/","og_site_name":"Las Brisas","article_modified_time":"2024-07-27T14:00:38+00:00","twitter_card":"summary_large_image","schema":{"@context":"https:\/\/schema.org","@graph":[{"@type":"WebPage","@id":"https:\/\/www.intlasbrisashotels.com\/en\/ixtapa\/spa\/","url":"https:\/\/www.intlasbrisashotels.com\/en\/ixtapa\/spa\/","name":"Hotel Las Brisas Ixtapa - Spa | Disfrute De Un Momento de Relajaci\u00f3n","isPartOf":{"@id":"https:\/\/www.intlasbrisashotels.com\/es\/#website"},"datePublished":"2018-09-03T16:24:50+00:00","dateModified":"2024-07-27T14:00:38+00:00","description":"Disfrute de una experiencia relajante en nuestro SPA donde el ambiente ayudar\u00e1 a crear una energ\u00eda y un sentido de equilibrio y calma.","breadcrumb":{"@id":"https:\/\/www.intlasbrisashotels.com\/en\/ixtapa\/spa\/#breadcrumb"},"inLanguage":"en-US","potentialAction":[{"@type":"ReadAction","target":["https:\/\/www.intlasbrisashotels.com\/en\/ixtapa\/spa\/"]}]},{"@type":"BreadcrumbList","@id":"https:\/\/www.intlasbrisashotels.com\/en\/ixtapa\/spa\/#breadcrumb","itemListElement":[{"@type":"ListItem","position":1,"name":"Home","item":"https:\/\/www.intlasbrisashotels.com\/en\/"},{"@type":"ListItem","position":2,"name":"Ixtapa","item":"https:\/\/www.intlasbrisashotels.com\/en\/ixtapa\/"},{"@type":"ListItem","position":3,"name":"Spa"}]},{"@type":"WebSite","@id":"https:\/\/www.intlasbrisashotels.com\/es\/#website","url":"https:\/\/www.intlasbrisashotels.com\/es\/","name":"Las Brisas","description":"","publisher":{"@id":"https:\/\/www.intlasbrisashotels.com\/es\/#organization"},"potentialAction":[{"@type":"SearchAction","target":{"@type":"EntryPoint","urlTemplate":"https:\/\/www.intlasbrisashotels.com\/es\/?s={search_term_string}"},"query-input":"required name=search_term_string"}],"inLanguage":"en-US"},{"@type":"Organization","@id":"https:\/\/www.intlasbrisashotels.com\/es\/#organization","name":"Grupo Brisas","url":"https:\/\/www.intlasbrisashotels.com\/es\/","logo":{"@type":"ImageObject","inLanguage":"en-US","@id":"https:\/\/www.intlasbrisashotels.com\/es\/#\/schema\/logo\/image\/","url":"https:\/\/www.intlasbrisashotels.com\/wp-content\/uploads\/2017\/06\/Grupo-Brisas-Logo.png","contentUrl":"https:\/\/www.intlasbrisashotels.com\/wp-content\/uploads\/2017\/06\/Grupo-Brisas-Logo.png","width":201,"height":114,"caption":"Grupo Brisas"},"image":{"@id":"https:\/\/www.intlasbrisashotels.com\/es\/#\/schema\/logo\/image\/"}}]}},"_links":{"self":[{"href":"https:\/\/www.intlasbrisashotels.com\/en\/wp-json\/wp\/v2\/pages\/7340","targetHints":{"allow":["GET"]}}],"collection":[{"href":"https:\/\/www.intlasbrisashotels.com\/en\/wp-json\/wp\/v2\/pages"}],"about":[{"href":"https:\/\/www.intlasbrisashotels.com\/en\/wp-json\/wp\/v2\/types\/page"}],"author":[{"embeddable":true,"href":"https:\/\/www.intlasbrisashotels.com\/en\/wp-json\/wp\/v2\/users\/7"}],"replies":[{"embeddable":true,"href":"https:\/\/www.intlasbrisashotels.com\/en\/wp-json\/wp\/v2\/comments?post=7340"}],"version-history":[{"count":0,"href":"https:\/\/www.intlasbrisashotels.com\/en\/wp-json\/wp\/v2\/pages\/7340\/revisions"}],"up":[{"embeddable":true,"href":"https:\/\/www.intlasbrisashotels.com\/en\/wp-json\/wp\/v2\/pages\/38"}],"wp:attachment":[{"href":"https:\/\/www.intlasbrisashotels.com\/en\/wp-json\/wp\/v2\/media?parent=7340"}],"curies":[{"name":"wp","href":"https:\/\/api.w.org\/{rel}","templated":true}]}}