{"id":4129,"date":"2016-11-03T15:00:25","date_gmt":"2016-11-03T15:00:25","guid":{"rendered":"https:\/\/www.intlasbrisashotels.com\/?page_id=4129"},"modified":"2019-09-24T23:28:56","modified_gmt":"2019-09-24T23:28:56","slug":"privacy-policy","status":"publish","type":"page","link":"https:\/\/www.intlasbrisashotels.com\/en\/queretaro\/privacy-policy\/","title":{"rendered":"Privacy Policy"},"content":{"rendered":"","protected":false},"excerpt":{"rendered":"","protected":false},"author":6,"featured_media":0,"parent":2203,"menu_order":0,"comment_status":"closed","ping_status":"closed","template":"standard.php","meta":{"_acf_changed":false,"footnotes":""},"class_list":["post-4129","page","type-page","status-publish","hentry"],"acf":[],"yoast_head":"<!-- This site is optimized with the Yoast SEO plugin v22.8 - https:\/\/yoast.com\/wordpress\/plugins\/seo\/ -->\n<title>Hotel Hacienda Jurica By Brisas - Pol\u00edticas de Privacidad | Aviso T\u00e9rminos<\/title>\n<meta name=\"description\" content=\"Pol\u00edticas de Privacidad Hacienda Jurica by Brisas. \u00bfPara qu\u00e9 fines utilizaremos sus datos? T\u00e9rminos y Condiciones en uso y protecci\u00f3n de datos.\" \/>\n<meta name=\"robots\" content=\"noindex, follow\" \/>\n<meta property=\"og:locale\" content=\"en_US\" \/>\n<meta property=\"og:type\" content=\"article\" \/>\n<meta property=\"og:title\" content=\"Hotel Hacienda Jurica By Brisas - Pol\u00edticas de Privacidad | Aviso T\u00e9rminos\" \/>\n<meta property=\"og:description\" content=\"Pol\u00edticas de Privacidad Hacienda Jurica by Brisas. \u00bfPara qu\u00e9 fines utilizaremos sus datos? T\u00e9rminos y Condiciones en uso y protecci\u00f3n de datos.\" \/>\n<meta property=\"og:url\" content=\"https:\/\/www.intlasbrisashotels.com\/en\/queretaro\/privacy-policy\/\" \/>\n<meta property=\"og:site_name\" content=\"Las Brisas\" \/>\n<meta property=\"article:modified_time\" content=\"2019-09-24T23:28:56+00:00\" \/>\n<meta name=\"twitter:card\" content=\"summary_large_image\" \/>\n<script type=\"application\/ld+json\" class=\"yoast-schema-graph\">{\"@context\":\"https:\/\/schema.org\",\"@graph\":[{\"@type\":\"WebPage\",\"@id\":\"https:\/\/www.intlasbrisashotels.com\/en\/queretaro\/privacy-policy\/\",\"url\":\"https:\/\/www.intlasbrisashotels.com\/en\/queretaro\/privacy-policy\/\",\"name\":\"Hotel Hacienda Jurica By Brisas - Pol\u00edticas de Privacidad | Aviso T\u00e9rminos\",\"isPartOf\":{\"@id\":\"https:\/\/www.intlasbrisashotels.com\/es\/#website\"},\"datePublished\":\"2016-11-03T15:00:25+00:00\",\"dateModified\":\"2019-09-24T23:28:56+00:00\",\"description\":\"Pol\u00edticas de Privacidad Hacienda Jurica by Brisas. \u00bfPara qu\u00e9 fines utilizaremos sus datos? T\u00e9rminos y Condiciones en uso y protecci\u00f3n de datos.\",\"breadcrumb\":{\"@id\":\"https:\/\/www.intlasbrisashotels.com\/en\/queretaro\/privacy-policy\/#breadcrumb\"},\"inLanguage\":\"en-US\",\"potentialAction\":[{\"@type\":\"ReadAction\",\"target\":[\"https:\/\/www.intlasbrisashotels.com\/en\/queretaro\/privacy-policy\/\"]}]},{\"@type\":\"BreadcrumbList\",\"@id\":\"https:\/\/www.intlasbrisashotels.com\/en\/queretaro\/privacy-policy\/#breadcrumb\",\"itemListElement\":[{\"@type\":\"ListItem\",\"position\":1,\"name\":\"Home\",\"item\":\"https:\/\/www.intlasbrisashotels.com\/en\/\"},{\"@type\":\"ListItem\",\"position\":2,\"name\":\"Queretaro\",\"item\":\"https:\/\/www.intlasbrisashotels.com\/en\/queretaro\/\"},{\"@type\":\"ListItem\",\"position\":3,\"name\":\"Privacy Policy\"}]},{\"@type\":\"WebSite\",\"@id\":\"https:\/\/www.intlasbrisashotels.com\/es\/#website\",\"url\":\"https:\/\/www.intlasbrisashotels.com\/es\/\",\"name\":\"Las Brisas\",\"description\":\"\",\"publisher\":{\"@id\":\"https:\/\/www.intlasbrisashotels.com\/es\/#organization\"},\"potentialAction\":[{\"@type\":\"SearchAction\",\"target\":{\"@type\":\"EntryPoint\",\"urlTemplate\":\"https:\/\/www.intlasbrisashotels.com\/es\/?s={search_term_string}\"},\"query-input\":\"required name=search_term_string\"}],\"inLanguage\":\"en-US\"},{\"@type\":\"Organization\",\"@id\":\"https:\/\/www.intlasbrisashotels.com\/es\/#organization\",\"name\":\"Grupo Brisas\",\"url\":\"https:\/\/www.intlasbrisashotels.com\/es\/\",\"logo\":{\"@type\":\"ImageObject\",\"inLanguage\":\"en-US\",\"@id\":\"https:\/\/www.intlasbrisashotels.com\/es\/#\/schema\/logo\/image\/\",\"url\":\"https:\/\/www.intlasbrisashotels.com\/wp-content\/uploads\/2017\/06\/Grupo-Brisas-Logo.png\",\"contentUrl\":\"https:\/\/www.intlasbrisashotels.com\/wp-content\/uploads\/2017\/06\/Grupo-Brisas-Logo.png\",\"width\":201,\"height\":114,\"caption\":\"Grupo Brisas\"},\"image\":{\"@id\":\"https:\/\/www.intlasbrisashotels.com\/es\/#\/schema\/logo\/image\/\"}}]}<\/script>\n<!-- \/ Yoast SEO plugin. -->","yoast_head_json":{"title":"Hotel Hacienda Jurica By Brisas - Pol\u00edticas de Privacidad | Aviso T\u00e9rminos","description":"Pol\u00edticas de Privacidad Hacienda Jurica by Brisas. \u00bfPara qu\u00e9 fines utilizaremos sus datos? T\u00e9rminos y Condiciones en uso y protecci\u00f3n de datos.","robots":{"index":"noindex","follow":"follow"},"og_locale":"en_US","og_type":"article","og_title":"Hotel Hacienda Jurica By Brisas - Pol\u00edticas de Privacidad | Aviso T\u00e9rminos","og_description":"Pol\u00edticas de Privacidad Hacienda Jurica by Brisas. \u00bfPara qu\u00e9 fines utilizaremos sus datos? T\u00e9rminos y Condiciones en uso y protecci\u00f3n de datos.","og_url":"https:\/\/www.intlasbrisashotels.com\/en\/queretaro\/privacy-policy\/","og_site_name":"Las Brisas","article_modified_time":"2019-09-24T23:28:56+00:00","twitter_card":"summary_large_image","schema":{"@context":"https:\/\/schema.org","@graph":[{"@type":"WebPage","@id":"https:\/\/www.intlasbrisashotels.com\/en\/queretaro\/privacy-policy\/","url":"https:\/\/www.intlasbrisashotels.com\/en\/queretaro\/privacy-policy\/","name":"Hotel Hacienda Jurica By Brisas - Pol\u00edticas de Privacidad | Aviso T\u00e9rminos","isPartOf":{"@id":"https:\/\/www.intlasbrisashotels.com\/es\/#website"},"datePublished":"2016-11-03T15:00:25+00:00","dateModified":"2019-09-24T23:28:56+00:00","description":"Pol\u00edticas de Privacidad Hacienda Jurica by Brisas. \u00bfPara qu\u00e9 fines utilizaremos sus datos? T\u00e9rminos y Condiciones en uso y protecci\u00f3n de datos.","breadcrumb":{"@id":"https:\/\/www.intlasbrisashotels.com\/en\/queretaro\/privacy-policy\/#breadcrumb"},"inLanguage":"en-US","potentialAction":[{"@type":"ReadAction","target":["https:\/\/www.intlasbrisashotels.com\/en\/queretaro\/privacy-policy\/"]}]},{"@type":"BreadcrumbList","@id":"https:\/\/www.intlasbrisashotels.com\/en\/queretaro\/privacy-policy\/#breadcrumb","itemListElement":[{"@type":"ListItem","position":1,"name":"Home","item":"https:\/\/www.intlasbrisashotels.com\/en\/"},{"@type":"ListItem","position":2,"name":"Queretaro","item":"https:\/\/www.intlasbrisashotels.com\/en\/queretaro\/"},{"@type":"ListItem","position":3,"name":"Privacy Policy"}]},{"@type":"WebSite","@id":"https:\/\/www.intlasbrisashotels.com\/es\/#website","url":"https:\/\/www.intlasbrisashotels.com\/es\/","name":"Las Brisas","description":"","publisher":{"@id":"https:\/\/www.intlasbrisashotels.com\/es\/#organization"},"potentialAction":[{"@type":"SearchAction","target":{"@type":"EntryPoint","urlTemplate":"https:\/\/www.intlasbrisashotels.com\/es\/?s={search_term_string}"},"query-input":"required name=search_term_string"}],"inLanguage":"en-US"},{"@type":"Organization","@id":"https:\/\/www.intlasbrisashotels.com\/es\/#organization","name":"Grupo Brisas","url":"https:\/\/www.intlasbrisashotels.com\/es\/","logo":{"@type":"ImageObject","inLanguage":"en-US","@id":"https:\/\/www.intlasbrisashotels.com\/es\/#\/schema\/logo\/image\/","url":"https:\/\/www.intlasbrisashotels.com\/wp-content\/uploads\/2017\/06\/Grupo-Brisas-Logo.png","contentUrl":"https:\/\/www.intlasbrisashotels.com\/wp-content\/uploads\/2017\/06\/Grupo-Brisas-Logo.png","width":201,"height":114,"caption":"Grupo Brisas"},"image":{"@id":"https:\/\/www.intlasbrisashotels.com\/es\/#\/schema\/logo\/image\/"}}]}},"_links":{"self":[{"href":"https:\/\/www.intlasbrisashotels.com\/en\/wp-json\/wp\/v2\/pages\/4129","targetHints":{"allow":["GET"]}}],"collection":[{"href":"https:\/\/www.intlasbrisashotels.com\/en\/wp-json\/wp\/v2\/pages"}],"about":[{"href":"https:\/\/www.intlasbrisashotels.com\/en\/wp-json\/wp\/v2\/types\/page"}],"author":[{"embeddable":true,"href":"https:\/\/www.intlasbrisashotels.com\/en\/wp-json\/wp\/v2\/users\/6"}],"replies":[{"embeddable":true,"href":"https:\/\/www.intlasbrisashotels.com\/en\/wp-json\/wp\/v2\/comments?post=4129"}],"version-history":[{"count":0,"href":"https:\/\/www.intlasbrisashotels.com\/en\/wp-json\/wp\/v2\/pages\/4129\/revisions"}],"up":[{"embeddable":true,"href":"https:\/\/www.intlasbrisashotels.com\/en\/wp-json\/wp\/v2\/pages\/2203"}],"wp:attachment":[{"href":"https:\/\/www.intlasbrisashotels.com\/en\/wp-json\/wp\/v2\/media?parent=4129"}],"curies":[{"name":"wp","href":"https:\/\/api.w.org\/{rel}","templated":true}]}}