{"id":2898,"date":"2016-10-24T17:57:09","date_gmt":"2016-10-24T17:57:09","guid":{"rendered":"https:\/\/www.intlasbrisashotels.com\/?page_id=2898"},"modified":"2017-09-22T16:46:31","modified_gmt":"2017-09-22T16:46:31","slug":"sitemap","status":"publish","type":"page","link":"https:\/\/www.intlasbrisashotels.com\/en\/huatulco\/sitemap\/","title":{"rendered":"Sitemap"},"content":{"rendered":"","protected":false},"excerpt":{"rendered":"","protected":false},"author":6,"featured_media":0,"parent":2799,"menu_order":16,"comment_status":"closed","ping_status":"closed","template":"sitemap.php","meta":{"_acf_changed":false,"footnotes":""},"class_list":["post-2898","page","type-page","status-publish","hentry"],"acf":[],"yoast_head":"<!-- This site is optimized with the Yoast SEO plugin v22.8 - https:\/\/yoast.com\/wordpress\/plugins\/seo\/ -->\n<title>Hotel Las Brisas Huatulco - Mapa De Sitio | Contenido<\/title>\n<meta name=\"description\" content=\"Mapa de Sitio Las Brisas Huatulco. Contenido desglosado de toda la informaci\u00f3n relevante de forma pr\u00e1ctica para su b\u00fasqueda.\" \/>\n<meta name=\"robots\" content=\"noindex, follow\" \/>\n<meta property=\"og:locale\" content=\"en_US\" \/>\n<meta property=\"og:type\" content=\"article\" \/>\n<meta property=\"og:title\" content=\"Hotel Las Brisas Huatulco - Mapa De Sitio | Contenido\" \/>\n<meta property=\"og:description\" content=\"Mapa de Sitio Las Brisas Huatulco. Contenido desglosado de toda la informaci\u00f3n relevante de forma pr\u00e1ctica para su b\u00fasqueda.\" \/>\n<meta property=\"og:url\" content=\"https:\/\/www.intlasbrisashotels.com\/en\/huatulco\/sitemap\/\" \/>\n<meta property=\"og:site_name\" content=\"Las Brisas\" \/>\n<meta property=\"article:modified_time\" content=\"2017-09-22T16:46:31+00:00\" \/>\n<meta name=\"twitter:card\" content=\"summary_large_image\" \/>\n<script type=\"application\/ld+json\" class=\"yoast-schema-graph\">{\"@context\":\"https:\/\/schema.org\",\"@graph\":[{\"@type\":\"WebPage\",\"@id\":\"https:\/\/www.intlasbrisashotels.com\/en\/huatulco\/sitemap\/\",\"url\":\"https:\/\/www.intlasbrisashotels.com\/en\/huatulco\/sitemap\/\",\"name\":\"Hotel Las Brisas Huatulco - Mapa De Sitio | Contenido\",\"isPartOf\":{\"@id\":\"https:\/\/www.intlasbrisashotels.com\/es\/#website\"},\"datePublished\":\"2016-10-24T17:57:09+00:00\",\"dateModified\":\"2017-09-22T16:46:31+00:00\",\"description\":\"Mapa de Sitio Las Brisas Huatulco. Contenido desglosado de toda la informaci\u00f3n relevante de forma pr\u00e1ctica para su b\u00fasqueda.\",\"breadcrumb\":{\"@id\":\"https:\/\/www.intlasbrisashotels.com\/en\/huatulco\/sitemap\/#breadcrumb\"},\"inLanguage\":\"en-US\",\"potentialAction\":[{\"@type\":\"ReadAction\",\"target\":[\"https:\/\/www.intlasbrisashotels.com\/en\/huatulco\/sitemap\/\"]}]},{\"@type\":\"BreadcrumbList\",\"@id\":\"https:\/\/www.intlasbrisashotels.com\/en\/huatulco\/sitemap\/#breadcrumb\",\"itemListElement\":[{\"@type\":\"ListItem\",\"position\":1,\"name\":\"Home\",\"item\":\"https:\/\/www.intlasbrisashotels.com\/en\/\"},{\"@type\":\"ListItem\",\"position\":2,\"name\":\"Huatulco\",\"item\":\"https:\/\/www.intlasbrisashotels.com\/en\/huatulco\/\"},{\"@type\":\"ListItem\",\"position\":3,\"name\":\"Sitemap\"}]},{\"@type\":\"WebSite\",\"@id\":\"https:\/\/www.intlasbrisashotels.com\/es\/#website\",\"url\":\"https:\/\/www.intlasbrisashotels.com\/es\/\",\"name\":\"Las Brisas\",\"description\":\"\",\"publisher\":{\"@id\":\"https:\/\/www.intlasbrisashotels.com\/es\/#organization\"},\"potentialAction\":[{\"@type\":\"SearchAction\",\"target\":{\"@type\":\"EntryPoint\",\"urlTemplate\":\"https:\/\/www.intlasbrisashotels.com\/es\/?s={search_term_string}\"},\"query-input\":\"required name=search_term_string\"}],\"inLanguage\":\"en-US\"},{\"@type\":\"Organization\",\"@id\":\"https:\/\/www.intlasbrisashotels.com\/es\/#organization\",\"name\":\"Grupo Brisas\",\"url\":\"https:\/\/www.intlasbrisashotels.com\/es\/\",\"logo\":{\"@type\":\"ImageObject\",\"inLanguage\":\"en-US\",\"@id\":\"https:\/\/www.intlasbrisashotels.com\/es\/#\/schema\/logo\/image\/\",\"url\":\"https:\/\/www.intlasbrisashotels.com\/wp-content\/uploads\/2017\/06\/Grupo-Brisas-Logo.png\",\"contentUrl\":\"https:\/\/www.intlasbrisashotels.com\/wp-content\/uploads\/2017\/06\/Grupo-Brisas-Logo.png\",\"width\":201,\"height\":114,\"caption\":\"Grupo Brisas\"},\"image\":{\"@id\":\"https:\/\/www.intlasbrisashotels.com\/es\/#\/schema\/logo\/image\/\"}}]}<\/script>\n<!-- \/ Yoast SEO plugin. -->","yoast_head_json":{"title":"Hotel Las Brisas Huatulco - Mapa De Sitio | Contenido","description":"Mapa de Sitio Las Brisas Huatulco. Contenido desglosado de toda la informaci\u00f3n relevante de forma pr\u00e1ctica para su b\u00fasqueda.","robots":{"index":"noindex","follow":"follow"},"og_locale":"en_US","og_type":"article","og_title":"Hotel Las Brisas Huatulco - Mapa De Sitio | Contenido","og_description":"Mapa de Sitio Las Brisas Huatulco. Contenido desglosado de toda la informaci\u00f3n relevante de forma pr\u00e1ctica para su b\u00fasqueda.","og_url":"https:\/\/www.intlasbrisashotels.com\/en\/huatulco\/sitemap\/","og_site_name":"Las Brisas","article_modified_time":"2017-09-22T16:46:31+00:00","twitter_card":"summary_large_image","schema":{"@context":"https:\/\/schema.org","@graph":[{"@type":"WebPage","@id":"https:\/\/www.intlasbrisashotels.com\/en\/huatulco\/sitemap\/","url":"https:\/\/www.intlasbrisashotels.com\/en\/huatulco\/sitemap\/","name":"Hotel Las Brisas Huatulco - Mapa De Sitio | Contenido","isPartOf":{"@id":"https:\/\/www.intlasbrisashotels.com\/es\/#website"},"datePublished":"2016-10-24T17:57:09+00:00","dateModified":"2017-09-22T16:46:31+00:00","description":"Mapa de Sitio Las Brisas Huatulco. Contenido desglosado de toda la informaci\u00f3n relevante de forma pr\u00e1ctica para su b\u00fasqueda.","breadcrumb":{"@id":"https:\/\/www.intlasbrisashotels.com\/en\/huatulco\/sitemap\/#breadcrumb"},"inLanguage":"en-US","potentialAction":[{"@type":"ReadAction","target":["https:\/\/www.intlasbrisashotels.com\/en\/huatulco\/sitemap\/"]}]},{"@type":"BreadcrumbList","@id":"https:\/\/www.intlasbrisashotels.com\/en\/huatulco\/sitemap\/#breadcrumb","itemListElement":[{"@type":"ListItem","position":1,"name":"Home","item":"https:\/\/www.intlasbrisashotels.com\/en\/"},{"@type":"ListItem","position":2,"name":"Huatulco","item":"https:\/\/www.intlasbrisashotels.com\/en\/huatulco\/"},{"@type":"ListItem","position":3,"name":"Sitemap"}]},{"@type":"WebSite","@id":"https:\/\/www.intlasbrisashotels.com\/es\/#website","url":"https:\/\/www.intlasbrisashotels.com\/es\/","name":"Las Brisas","description":"","publisher":{"@id":"https:\/\/www.intlasbrisashotels.com\/es\/#organization"},"potentialAction":[{"@type":"SearchAction","target":{"@type":"EntryPoint","urlTemplate":"https:\/\/www.intlasbrisashotels.com\/es\/?s={search_term_string}"},"query-input":"required name=search_term_string"}],"inLanguage":"en-US"},{"@type":"Organization","@id":"https:\/\/www.intlasbrisashotels.com\/es\/#organization","name":"Grupo Brisas","url":"https:\/\/www.intlasbrisashotels.com\/es\/","logo":{"@type":"ImageObject","inLanguage":"en-US","@id":"https:\/\/www.intlasbrisashotels.com\/es\/#\/schema\/logo\/image\/","url":"https:\/\/www.intlasbrisashotels.com\/wp-content\/uploads\/2017\/06\/Grupo-Brisas-Logo.png","contentUrl":"https:\/\/www.intlasbrisashotels.com\/wp-content\/uploads\/2017\/06\/Grupo-Brisas-Logo.png","width":201,"height":114,"caption":"Grupo Brisas"},"image":{"@id":"https:\/\/www.intlasbrisashotels.com\/es\/#\/schema\/logo\/image\/"}}]}},"_links":{"self":[{"href":"https:\/\/www.intlasbrisashotels.com\/en\/wp-json\/wp\/v2\/pages\/2898","targetHints":{"allow":["GET"]}}],"collection":[{"href":"https:\/\/www.intlasbrisashotels.com\/en\/wp-json\/wp\/v2\/pages"}],"about":[{"href":"https:\/\/www.intlasbrisashotels.com\/en\/wp-json\/wp\/v2\/types\/page"}],"author":[{"embeddable":true,"href":"https:\/\/www.intlasbrisashotels.com\/en\/wp-json\/wp\/v2\/users\/6"}],"replies":[{"embeddable":true,"href":"https:\/\/www.intlasbrisashotels.com\/en\/wp-json\/wp\/v2\/comments?post=2898"}],"version-history":[{"count":0,"href":"https:\/\/www.intlasbrisashotels.com\/en\/wp-json\/wp\/v2\/pages\/2898\/revisions"}],"up":[{"embeddable":true,"href":"https:\/\/www.intlasbrisashotels.com\/en\/wp-json\/wp\/v2\/pages\/2799"}],"wp:attachment":[{"href":"https:\/\/www.intlasbrisashotels.com\/en\/wp-json\/wp\/v2\/media?parent=2898"}],"curies":[{"name":"wp","href":"https:\/\/api.w.org\/{rel}","templated":true}]}}