{"id":2542,"date":"2016-10-12T20:51:13","date_gmt":"2016-10-12T20:51:13","guid":{"rendered":"https:\/\/www.intlasbrisashotels.com\/?page_id=2542"},"modified":"2017-09-19T16:56:50","modified_gmt":"2017-09-19T16:56:50","slug":"sitemap","status":"publish","type":"page","link":"https:\/\/www.intlasbrisashotels.com\/en\/manzanillo\/sitemap\/","title":{"rendered":"Sitemap"},"content":{"rendered":"","protected":false},"excerpt":{"rendered":"","protected":false},"author":6,"featured_media":0,"parent":2518,"menu_order":14,"comment_status":"closed","ping_status":"closed","template":"sitemap.php","meta":{"_acf_changed":false,"footnotes":""},"class_list":["post-2542","page","type-page","status-publish","hentry"],"acf":[],"yoast_head":"<!-- This site is optimized with the Yoast SEO plugin v22.8 - https:\/\/yoast.com\/wordpress\/plugins\/seo\/ -->\n<title>Hotel Las Hadas By Brisas - Mapa De Sitio | Contenido<\/title>\n<meta name=\"description\" content=\"Mapa de Sitio Las Hadas by Brisas Manzanillo. Contenido desglosado de toda la informaci\u00f3n relevante de forma pr\u00e1ctica para su b\u00fasqueda.\" \/>\n<meta name=\"robots\" content=\"noindex, follow\" \/>\n<meta property=\"og:locale\" content=\"en_US\" \/>\n<meta property=\"og:type\" content=\"article\" \/>\n<meta property=\"og:title\" content=\"Hotel Las Hadas By Brisas - Mapa De Sitio | Contenido\" \/>\n<meta property=\"og:description\" content=\"Mapa de Sitio Las Hadas by Brisas Manzanillo. Contenido desglosado de toda la informaci\u00f3n relevante de forma pr\u00e1ctica para su b\u00fasqueda.\" \/>\n<meta property=\"og:url\" content=\"https:\/\/www.intlasbrisashotels.com\/en\/manzanillo\/sitemap\/\" \/>\n<meta property=\"og:site_name\" content=\"Las Brisas\" \/>\n<meta property=\"article:modified_time\" content=\"2017-09-19T16:56:50+00:00\" \/>\n<meta name=\"twitter:card\" content=\"summary_large_image\" \/>\n<script type=\"application\/ld+json\" class=\"yoast-schema-graph\">{\"@context\":\"https:\/\/schema.org\",\"@graph\":[{\"@type\":\"WebPage\",\"@id\":\"https:\/\/www.intlasbrisashotels.com\/en\/manzanillo\/sitemap\/\",\"url\":\"https:\/\/www.intlasbrisashotels.com\/en\/manzanillo\/sitemap\/\",\"name\":\"Hotel Las Hadas By Brisas - Mapa De Sitio | Contenido\",\"isPartOf\":{\"@id\":\"https:\/\/www.intlasbrisashotels.com\/es\/#website\"},\"datePublished\":\"2016-10-12T20:51:13+00:00\",\"dateModified\":\"2017-09-19T16:56:50+00:00\",\"description\":\"Mapa de Sitio Las Hadas by Brisas Manzanillo. Contenido desglosado de toda la informaci\u00f3n relevante de forma pr\u00e1ctica para su b\u00fasqueda.\",\"breadcrumb\":{\"@id\":\"https:\/\/www.intlasbrisashotels.com\/en\/manzanillo\/sitemap\/#breadcrumb\"},\"inLanguage\":\"en-US\",\"potentialAction\":[{\"@type\":\"ReadAction\",\"target\":[\"https:\/\/www.intlasbrisashotels.com\/en\/manzanillo\/sitemap\/\"]}]},{\"@type\":\"BreadcrumbList\",\"@id\":\"https:\/\/www.intlasbrisashotels.com\/en\/manzanillo\/sitemap\/#breadcrumb\",\"itemListElement\":[{\"@type\":\"ListItem\",\"position\":1,\"name\":\"Home\",\"item\":\"https:\/\/www.intlasbrisashotels.com\/en\/\"},{\"@type\":\"ListItem\",\"position\":2,\"name\":\"Manzanillo\",\"item\":\"https:\/\/www.intlasbrisashotels.com\/en\/manzanillo\/\"},{\"@type\":\"ListItem\",\"position\":3,\"name\":\"Sitemap\"}]},{\"@type\":\"WebSite\",\"@id\":\"https:\/\/www.intlasbrisashotels.com\/es\/#website\",\"url\":\"https:\/\/www.intlasbrisashotels.com\/es\/\",\"name\":\"Las Brisas\",\"description\":\"\",\"publisher\":{\"@id\":\"https:\/\/www.intlasbrisashotels.com\/es\/#organization\"},\"potentialAction\":[{\"@type\":\"SearchAction\",\"target\":{\"@type\":\"EntryPoint\",\"urlTemplate\":\"https:\/\/www.intlasbrisashotels.com\/es\/?s={search_term_string}\"},\"query-input\":\"required name=search_term_string\"}],\"inLanguage\":\"en-US\"},{\"@type\":\"Organization\",\"@id\":\"https:\/\/www.intlasbrisashotels.com\/es\/#organization\",\"name\":\"Grupo Brisas\",\"url\":\"https:\/\/www.intlasbrisashotels.com\/es\/\",\"logo\":{\"@type\":\"ImageObject\",\"inLanguage\":\"en-US\",\"@id\":\"https:\/\/www.intlasbrisashotels.com\/es\/#\/schema\/logo\/image\/\",\"url\":\"https:\/\/www.intlasbrisashotels.com\/wp-content\/uploads\/2017\/06\/Grupo-Brisas-Logo.png\",\"contentUrl\":\"https:\/\/www.intlasbrisashotels.com\/wp-content\/uploads\/2017\/06\/Grupo-Brisas-Logo.png\",\"width\":201,\"height\":114,\"caption\":\"Grupo Brisas\"},\"image\":{\"@id\":\"https:\/\/www.intlasbrisashotels.com\/es\/#\/schema\/logo\/image\/\"}}]}<\/script>\n<!-- \/ Yoast SEO plugin. -->","yoast_head_json":{"title":"Hotel Las Hadas By Brisas - Mapa De Sitio | Contenido","description":"Mapa de Sitio Las Hadas by Brisas Manzanillo. Contenido desglosado de toda la informaci\u00f3n relevante de forma pr\u00e1ctica para su b\u00fasqueda.","robots":{"index":"noindex","follow":"follow"},"og_locale":"en_US","og_type":"article","og_title":"Hotel Las Hadas By Brisas - Mapa De Sitio | Contenido","og_description":"Mapa de Sitio Las Hadas by Brisas Manzanillo. Contenido desglosado de toda la informaci\u00f3n relevante de forma pr\u00e1ctica para su b\u00fasqueda.","og_url":"https:\/\/www.intlasbrisashotels.com\/en\/manzanillo\/sitemap\/","og_site_name":"Las Brisas","article_modified_time":"2017-09-19T16:56:50+00:00","twitter_card":"summary_large_image","schema":{"@context":"https:\/\/schema.org","@graph":[{"@type":"WebPage","@id":"https:\/\/www.intlasbrisashotels.com\/en\/manzanillo\/sitemap\/","url":"https:\/\/www.intlasbrisashotels.com\/en\/manzanillo\/sitemap\/","name":"Hotel Las Hadas By Brisas - Mapa De Sitio | Contenido","isPartOf":{"@id":"https:\/\/www.intlasbrisashotels.com\/es\/#website"},"datePublished":"2016-10-12T20:51:13+00:00","dateModified":"2017-09-19T16:56:50+00:00","description":"Mapa de Sitio Las Hadas by Brisas Manzanillo. Contenido desglosado de toda la informaci\u00f3n relevante de forma pr\u00e1ctica para su b\u00fasqueda.","breadcrumb":{"@id":"https:\/\/www.intlasbrisashotels.com\/en\/manzanillo\/sitemap\/#breadcrumb"},"inLanguage":"en-US","potentialAction":[{"@type":"ReadAction","target":["https:\/\/www.intlasbrisashotels.com\/en\/manzanillo\/sitemap\/"]}]},{"@type":"BreadcrumbList","@id":"https:\/\/www.intlasbrisashotels.com\/en\/manzanillo\/sitemap\/#breadcrumb","itemListElement":[{"@type":"ListItem","position":1,"name":"Home","item":"https:\/\/www.intlasbrisashotels.com\/en\/"},{"@type":"ListItem","position":2,"name":"Manzanillo","item":"https:\/\/www.intlasbrisashotels.com\/en\/manzanillo\/"},{"@type":"ListItem","position":3,"name":"Sitemap"}]},{"@type":"WebSite","@id":"https:\/\/www.intlasbrisashotels.com\/es\/#website","url":"https:\/\/www.intlasbrisashotels.com\/es\/","name":"Las Brisas","description":"","publisher":{"@id":"https:\/\/www.intlasbrisashotels.com\/es\/#organization"},"potentialAction":[{"@type":"SearchAction","target":{"@type":"EntryPoint","urlTemplate":"https:\/\/www.intlasbrisashotels.com\/es\/?s={search_term_string}"},"query-input":"required name=search_term_string"}],"inLanguage":"en-US"},{"@type":"Organization","@id":"https:\/\/www.intlasbrisashotels.com\/es\/#organization","name":"Grupo Brisas","url":"https:\/\/www.intlasbrisashotels.com\/es\/","logo":{"@type":"ImageObject","inLanguage":"en-US","@id":"https:\/\/www.intlasbrisashotels.com\/es\/#\/schema\/logo\/image\/","url":"https:\/\/www.intlasbrisashotels.com\/wp-content\/uploads\/2017\/06\/Grupo-Brisas-Logo.png","contentUrl":"https:\/\/www.intlasbrisashotels.com\/wp-content\/uploads\/2017\/06\/Grupo-Brisas-Logo.png","width":201,"height":114,"caption":"Grupo Brisas"},"image":{"@id":"https:\/\/www.intlasbrisashotels.com\/es\/#\/schema\/logo\/image\/"}}]}},"_links":{"self":[{"href":"https:\/\/www.intlasbrisashotels.com\/en\/wp-json\/wp\/v2\/pages\/2542","targetHints":{"allow":["GET"]}}],"collection":[{"href":"https:\/\/www.intlasbrisashotels.com\/en\/wp-json\/wp\/v2\/pages"}],"about":[{"href":"https:\/\/www.intlasbrisashotels.com\/en\/wp-json\/wp\/v2\/types\/page"}],"author":[{"embeddable":true,"href":"https:\/\/www.intlasbrisashotels.com\/en\/wp-json\/wp\/v2\/users\/6"}],"replies":[{"embeddable":true,"href":"https:\/\/www.intlasbrisashotels.com\/en\/wp-json\/wp\/v2\/comments?post=2542"}],"version-history":[{"count":0,"href":"https:\/\/www.intlasbrisashotels.com\/en\/wp-json\/wp\/v2\/pages\/2542\/revisions"}],"up":[{"embeddable":true,"href":"https:\/\/www.intlasbrisashotels.com\/en\/wp-json\/wp\/v2\/pages\/2518"}],"wp:attachment":[{"href":"https:\/\/www.intlasbrisashotels.com\/en\/wp-json\/wp\/v2\/media?parent=2542"}],"curies":[{"name":"wp","href":"https:\/\/api.w.org\/{rel}","templated":true}]}}